{"id":997,"date":"2023-07-26T10:42:14","date_gmt":"2023-07-26T10:42:14","guid":{"rendered":"https:\/\/ouluntoimistokaluste.fi\/tuote\/easy-wall-ovi-sisaltaa-karmit\/"},"modified":"2023-09-27T12:16:54","modified_gmt":"2023-09-27T12:16:54","slug":"easy-wall-ovi-sisaltaa-karmit","status":"publish","type":"product","link":"https:\/\/ouluntoimistokaluste.fi\/en\/product\/easy-wall-ovi-sisaltaa-karmit\/","title":{"rendered":"Easy Wall-ovi, sis\u00e4lt\u00e4\u00e4 karmit"},"content":{"rendered":"<p>Kiinnitys ruuveilla sein\u00e4kkeisiin.<\/p>\n<p>Sis\u00e4lt\u00e4\u00e4 kahvan ja lukon peitekannen.<\/p>\n<p>8 x 21.<\/p>","protected":false},"excerpt":{"rendered":"<p>Easy Wall-sein\u00e4kej\u00e4rjestelm\u00e4n laakaovi karmeineen.<\/p>","protected":false},"featured_media":1089,"template":"","meta":[],"product_brand":[],"product_cat":[34],"product_tag":[],"class_list":{"0":"post-997","1":"product","2":"type-product","3":"status-publish","4":"has-post-thumbnail","6":"product_cat-seinakkeet","7":"product_shipping_class-hintaryhma-1","9":"first","10":"onbackorder","11":"taxable","12":"shipping-taxable","13":"purchasable","14":"product-type-simple"},"_links":{"self":[{"href":"https:\/\/ouluntoimistokaluste.fi\/en\/wp-json\/wp\/v2\/product\/997","targetHints":{"allow":["GET"]}}],"collection":[{"href":"https:\/\/ouluntoimistokaluste.fi\/en\/wp-json\/wp\/v2\/product"}],"about":[{"href":"https:\/\/ouluntoimistokaluste.fi\/en\/wp-json\/wp\/v2\/types\/product"}],"wp:featuredmedia":[{"embeddable":true,"href":"https:\/\/ouluntoimistokaluste.fi\/en\/wp-json\/wp\/v2\/media\/1089"}],"wp:attachment":[{"href":"https:\/\/ouluntoimistokaluste.fi\/en\/wp-json\/wp\/v2\/media?parent=997"}],"wp:term":[{"taxonomy":"product_brand","embeddable":true,"href":"https:\/\/ouluntoimistokaluste.fi\/en\/wp-json\/wp\/v2\/product_brand?post=997"},{"taxonomy":"product_cat","embeddable":true,"href":"https:\/\/ouluntoimistokaluste.fi\/en\/wp-json\/wp\/v2\/product_cat?post=997"},{"taxonomy":"product_tag","embeddable":true,"href":"https:\/\/ouluntoimistokaluste.fi\/en\/wp-json\/wp\/v2\/product_tag?post=997"}],"curies":[{"name":"wp","href":"https:\/\/api.w.org\/{rel}","templated":true}]}}