{"id":972,"date":"2023-07-26T10:42:09","date_gmt":"2023-07-26T10:42:09","guid":{"rendered":"https:\/\/ouluntoimistokaluste.fi\/tuote\/doni-tyotuoli\/"},"modified":"2025-09-29T06:47:23","modified_gmt":"2025-09-29T06:47:23","slug":"doni-tyotuoli","status":"publish","type":"product","link":"https:\/\/ouluntoimistokaluste.fi\/en\/product\/doni-tyotuoli\/","title":{"rendered":"Doni-ty\u00f6tuoli"},"content":{"rendered":"<p>MATERIAALIT<\/p>\n<p>Istuimen verhoilu mustaa kangasta.<\/p>\n<p>Selk\u00e4noja mustaa mesh-kangasta.<\/p>\n<p>Musta muoviristikko.<\/p>\n<p>60 mm vapaasti py\u00f6riv\u00e4t py\u00f6r\u00e4t kovalle lattialle.<\/p>\n<p>S\u00c4\u00c4T\u00d6MAHDOLLISUUDET<\/p>\n<p>Korkeudens\u00e4\u00e4t\u00f6 kaasujousella.<\/p>\n<p>Synkromekanismi istuimen syvyyss\u00e4\u00e4d\u00f6ll\u00e4.<\/p>\n<p>K\u00e4sinojien korkeudens\u00e4\u00e4t\u00f6.<\/p>\n<p>Ristisel\u00e4n portaallinen tuen s\u00e4\u00e4t\u00f6.<\/p>\n<p>Kallistuksen vastus s\u00e4\u00e4tyy automaattisesti istujan painon mukaan.<\/p>\n<p>MITAT<\/p>\n<p>istuinkorkeus 51-63 cm istuimen leveys 52 cm istuimen syvyys 50 cm selk\u00e4nojan leveys 47 cm selk\u00e4nojan korkeus (istuimesta yl\u00f6sp\u00e4in) 56 cm tuolin kokonaisleveys 67 cm<\/p>\n<p>TAKUU 2 vuotta<\/p>","protected":false},"excerpt":{"rendered":"<p>Moderni ty\u00f6tuoli verkkoselk\u00e4nojalla. Koti- ja toimistok\u00e4ytt\u00f6\u00f6n.<\/p>","protected":false},"featured_media":3360,"template":"","meta":[],"product_brand":[],"product_cat":[25,27],"product_tag":[],"class_list":{"0":"post-972","1":"product","2":"type-product","3":"status-publish","4":"has-post-thumbnail","6":"product_cat-tyotuolit","7":"product_cat-uudet-kalusteet","8":"product_shipping_class-hintaryhma-1","10":"first","11":"onbackorder","12":"sold-individually","13":"taxable","14":"shipping-taxable","15":"purchasable","16":"product-type-variable"},"_links":{"self":[{"href":"https:\/\/ouluntoimistokaluste.fi\/en\/wp-json\/wp\/v2\/product\/972","targetHints":{"allow":["GET"]}}],"collection":[{"href":"https:\/\/ouluntoimistokaluste.fi\/en\/wp-json\/wp\/v2\/product"}],"about":[{"href":"https:\/\/ouluntoimistokaluste.fi\/en\/wp-json\/wp\/v2\/types\/product"}],"wp:featuredmedia":[{"embeddable":true,"href":"https:\/\/ouluntoimistokaluste.fi\/en\/wp-json\/wp\/v2\/media\/3360"}],"wp:attachment":[{"href":"https:\/\/ouluntoimistokaluste.fi\/en\/wp-json\/wp\/v2\/media?parent=972"}],"wp:term":[{"taxonomy":"product_brand","embeddable":true,"href":"https:\/\/ouluntoimistokaluste.fi\/en\/wp-json\/wp\/v2\/product_brand?post=972"},{"taxonomy":"product_cat","embeddable":true,"href":"https:\/\/ouluntoimistokaluste.fi\/en\/wp-json\/wp\/v2\/product_cat?post=972"},{"taxonomy":"product_tag","embeddable":true,"href":"https:\/\/ouluntoimistokaluste.fi\/en\/wp-json\/wp\/v2\/product_tag?post=972"}],"curies":[{"name":"wp","href":"https:\/\/api.w.org\/{rel}","templated":true}]}}