{"id":960,"date":"2023-07-26T10:42:03","date_gmt":"2023-07-26T10:42:03","guid":{"rendered":"https:\/\/ouluntoimistokaluste.fi\/tuote\/fen-tuoli\/"},"modified":"2023-09-28T12:32:12","modified_gmt":"2023-09-28T12:32:12","slug":"fen-tuoli","status":"publish","type":"product","link":"https:\/\/ouluntoimistokaluste.fi\/en\/product\/fen-tuoli\/","title":{"rendered":"Fen-tuoli"},"content":{"rendered":"<p><strong>MATERIAALIT<\/strong><br \/>\nRAL 9005 (musta), RAL 9016 (valkoinen),\u00a0RAL 5008 (tumman siniharmaa), RAL 6012 (musta vihre\u00e4), NCS S 2005-Y60R (vaalea harmaanruskea), kromi.<br \/>\nIstuin taivutettua py\u00f6kkivaneria; laminoitu tai petsattu. Verhoilematon, istuinverhoiltu, istuin-selk\u00e4verhoiltu tai ymp\u00e4riverhoiltu istuin.<\/p>\n<p><strong>PUUOSAN V\u00c4RIT<\/strong><br \/>\nPy\u00f6kin petsiv\u00e4rit: wenge, havana, tammen v\u00e4rinen py\u00f6kki, alder, luonnonv\u00e4rinen py\u00f6kki, musta, p\u00e4hkin\u00e4, colombo, palisanteri.<br \/>\nPastellipetsiv\u00e4rit: musta, harmaa, grafiitti, valkoinen, vaaleansininen, minttu, saffron.<br \/>\nLaminaatit: brown hickory, natural hickory, koivu, musta, tummanharmaa, vaaleanharmaa, valkoinen, punainen, sininen, lime vihre\u00e4.<\/p>\n<p><a href=\"https:\/\/www.q-furnisher.fi\/materiaalit\"><strong>KANGASVAIHTOEHDOT<\/strong><\/a><br \/>\nryhm\u00e4 1: Bondai, Era, Kaiman, Lucia, Oflum, Sempre, Sempre Melange<br \/>\nryhm\u00e4 2: Felicity, Mafra, Radio,\u00a0Rivet, Valencia, Xtreme<br \/>\nryhm\u00e4 3: Runner, Silvertex, Step, Step Melange, Split leather<br \/>\nryhm\u00e4 4: Blazer, Fame, Synergy<br \/>\nryhm\u00e4 5: Fine leather, Remix.<br \/>\nHuom. Bondai ja Lucia kankailla ei A-plus ja B plus verhoilua.<\/p>\n<p><strong>PINOTTAVUUS<\/strong><br \/>\nMax. 4\u00a0tuolia, k\u00e4rryss\u00e4 10 kpl.<\/p>\n<p>Fen TRA -kirjoitustasolla: max 4 kpl ja k\u00e4rryss\u00e4 10 kpl.<\/p>\n<p>FEN TR-kirjoitustasolla: ei ole pinottava.<\/p>\n<p><strong>LIS\u00c4VARUSTEET<\/strong><br \/>\nRivikytkent\u00e4. Kirjoitustaso. K\u00e4sinojat.<\/p>\n<p><strong>TAKUU<\/strong><br \/>\nTuotteilla on 5 vuoden takuu.<\/p>\n<p><strong>MITAT<\/strong><\/p>\n<p>Istuimen leveys 420 mm.<br \/>\nIstuimen kokonaissyvyys 535\u00a0mm.<br \/>\nIstuinsyvyys 420 mm.<\/p>","protected":false},"excerpt":{"rendered":"<p>Selke\u00e4 ja siro asiakastuoli.<\/p>\n<p><strong>Toimitusaika 3 arkip\u00e4iv\u00e4\u00e4<\/strong><\/p>","protected":false},"featured_media":1212,"template":"","meta":[],"product_brand":[],"product_cat":[30,27],"product_tag":[],"class_list":{"0":"post-960","1":"product","2":"type-product","3":"status-publish","4":"has-post-thumbnail","6":"product_cat-asiakas-baari-ja-neuvottelutuolit","7":"product_cat-uudet-kalusteet","8":"product_shipping_class-hintaryhma-1","10":"first","11":"onbackorder","12":"taxable","13":"shipping-taxable","14":"purchasable","15":"product-type-simple"},"_links":{"self":[{"href":"https:\/\/ouluntoimistokaluste.fi\/en\/wp-json\/wp\/v2\/product\/960","targetHints":{"allow":["GET"]}}],"collection":[{"href":"https:\/\/ouluntoimistokaluste.fi\/en\/wp-json\/wp\/v2\/product"}],"about":[{"href":"https:\/\/ouluntoimistokaluste.fi\/en\/wp-json\/wp\/v2\/types\/product"}],"wp:featuredmedia":[{"embeddable":true,"href":"https:\/\/ouluntoimistokaluste.fi\/en\/wp-json\/wp\/v2\/media\/1212"}],"wp:attachment":[{"href":"https:\/\/ouluntoimistokaluste.fi\/en\/wp-json\/wp\/v2\/media?parent=960"}],"wp:term":[{"taxonomy":"product_brand","embeddable":true,"href":"https:\/\/ouluntoimistokaluste.fi\/en\/wp-json\/wp\/v2\/product_brand?post=960"},{"taxonomy":"product_cat","embeddable":true,"href":"https:\/\/ouluntoimistokaluste.fi\/en\/wp-json\/wp\/v2\/product_cat?post=960"},{"taxonomy":"product_tag","embeddable":true,"href":"https:\/\/ouluntoimistokaluste.fi\/en\/wp-json\/wp\/v2\/product_tag?post=960"}],"curies":[{"name":"wp","href":"https:\/\/api.w.org\/{rel}","templated":true}]}}