{"id":957,"date":"2023-07-26T10:42:03","date_gmt":"2023-07-26T10:42:03","guid":{"rendered":"https:\/\/ouluntoimistokaluste.fi\/tuote\/stoo-super-soft-seisontamatto\/"},"modified":"2024-05-10T12:14:51","modified_gmt":"2024-05-10T12:14:51","slug":"stoo-super-soft-seisontamatto","status":"publish","type":"product","link":"https:\/\/ouluntoimistokaluste.fi\/en\/product\/stoo-super-soft-seisontamatto\/","title":{"rendered":"STOO Super Soft-seisontamatto"},"content":{"rendered":"<p>Stoo\u00ae Super Soft on markkinoiden pehmein tekstiilipintainen ty\u00f6pistematto. Eritt\u00e4in mukava matto sopii t\u00e4ydellisesti k\u00e4ytett\u00e4v\u00e4ksi s\u00e4hk\u00f6s\u00e4\u00e4t\u00f6isten ty\u00f6p\u00f6ytien sek\u00e4 vastaavien seisomaty\u00f6pisteiden kanssa. Super Soft sopii toimistoihin, myym\u00e4l\u00f6ihin ja kotitoimistoihin. Mattoa on eritt\u00e4in mukava k\u00e4ytt\u00e4\u00e4 sukkasiltaan. Optiona myyt\u00e4v\u00e4 Stoo\u00ae hierontapallo t\u00e4ydent\u00e4\u00e4 paketin. Hierontapallolla saat kiihdytetty\u00e4 jalkapohjan verenkiertoa ja ekstramukavuutta seisomaty\u00f6h\u00f6n. Matto on k\u00e4tev\u00e4 ripustaa p\u00f6yd\u00e4n reunaan roikkumaan mukana tulevan koukun avulla.<\/p>","protected":false},"excerpt":{"rendered":"<p>Mukava ja sisustuksellinen seisontamatto koti- tai toimistok\u00e4ytt\u00f6\u00f6n<\/p>\n<p><strong>Toimitusaika 3 arkip\u00e4iv\u00e4\u00e4<\/strong><\/p>","protected":false},"featured_media":1278,"template":"","meta":[],"product_brand":[],"product_cat":[157,27],"product_tag":[],"class_list":{"0":"post-957","1":"product","2":"type-product","3":"status-publish","4":"has-post-thumbnail","6":"product_cat-matot","7":"product_cat-uudet-kalusteet","8":"product_shipping_class-hintaryhma-1","10":"first","11":"onbackorder","12":"taxable","13":"shipping-taxable","14":"purchasable","15":"product-type-simple"},"_links":{"self":[{"href":"https:\/\/ouluntoimistokaluste.fi\/en\/wp-json\/wp\/v2\/product\/957","targetHints":{"allow":["GET"]}}],"collection":[{"href":"https:\/\/ouluntoimistokaluste.fi\/en\/wp-json\/wp\/v2\/product"}],"about":[{"href":"https:\/\/ouluntoimistokaluste.fi\/en\/wp-json\/wp\/v2\/types\/product"}],"wp:featuredmedia":[{"embeddable":true,"href":"https:\/\/ouluntoimistokaluste.fi\/en\/wp-json\/wp\/v2\/media\/1278"}],"wp:attachment":[{"href":"https:\/\/ouluntoimistokaluste.fi\/en\/wp-json\/wp\/v2\/media?parent=957"}],"wp:term":[{"taxonomy":"product_brand","embeddable":true,"href":"https:\/\/ouluntoimistokaluste.fi\/en\/wp-json\/wp\/v2\/product_brand?post=957"},{"taxonomy":"product_cat","embeddable":true,"href":"https:\/\/ouluntoimistokaluste.fi\/en\/wp-json\/wp\/v2\/product_cat?post=957"},{"taxonomy":"product_tag","embeddable":true,"href":"https:\/\/ouluntoimistokaluste.fi\/en\/wp-json\/wp\/v2\/product_tag?post=957"}],"curies":[{"name":"wp","href":"https:\/\/api.w.org\/{rel}","templated":true}]}}