{"id":956,"date":"2023-07-26T10:42:03","date_gmt":"2023-07-26T10:42:03","guid":{"rendered":"https:\/\/ouluntoimistokaluste.fi\/tuote\/stoo-active-ball-55-cm\/"},"modified":"2023-09-28T13:14:30","modified_gmt":"2023-09-28T13:14:30","slug":"stoo-active-ball-55-cm","status":"publish","type":"product","link":"https:\/\/ouluntoimistokaluste.fi\/en\/product\/stoo-active-ball-55-cm\/","title":{"rendered":"STOO Active Ball 55 cm"},"content":{"rendered":"<p>Pallon halkaisija 55 cm<\/p>\n<p>Istumakorkeus noin 65-70 cm pallon t\u00e4ytt\u00f6asteesta ja k\u00e4ytt\u00e4j\u00e4n painosta riippuen<\/p>\n<p>Painoraja 180 kg<\/p>\n<p>P\u00e4\u00e4llinen huopaa (50% villakangas, 50% synteettinen kuitu)<\/p>\n<p>Liukumaton pohja (non-slip)<\/p>\n<p>Kantokahva<\/p>\n<p>Tuotteeseen kuuluu jalkapumppu, jolla tuotteen saa t\u00e4ytetty\u00e4 k\u00e4ytt\u00f6\u00e4 varten<\/p>\n<p>Stoo\u00ae aktiivipallo mahdollistaa ergonomisen istuma-asennon ja vahvistaa sek\u00e4 kehitt\u00e4\u00e4 kehon asentoa ja hyv\u00e4\u00e4 ryhti\u00e4. K\u00e4ytt\u00e4m\u00e4ll\u00e4 Stoo\u00ae aktiivipalloa vahvistat keskivartalon-, sel\u00e4n- ja jalkojen lihaksia.<\/p>\n<p>Aktiivipallo ehk\u00e4isee sel\u00e4n staattista j\u00e4nnityst\u00e4 sek\u00e4 selk\u00e4kipuja.<\/p>\n<p>Ep\u00e4stabiili alusta pit\u00e4\u00e4 k\u00e4ytt\u00e4j\u00e4n helpommin hyv\u00e4ss\u00e4 istuma-asennossa.<\/p>\n<p>Istumisen lis\u00e4ksi palloa voi k\u00e4ytt\u00e4\u00e4 my\u00f6s lihaskuntoharjoittelun ja venyttelyn apuv\u00e4lineen\u00e4 sek\u00e4 tasapainoharjoittelussa.<\/p>","protected":false},"excerpt":{"rendered":"<p>Mukava ja sisustuksellinen istuin s\u00e4hk\u00f6p\u00f6yd\u00e4n \u00e4\u00e4reen<\/p>\n<p><strong>Toimitusaika 4 arkip\u00e4iv\u00e4\u00e4<\/strong><\/p>","protected":false},"featured_media":1198,"template":"","meta":[],"product_brand":[],"product_cat":[29,27],"product_tag":[],"class_list":{"0":"post-956","1":"product","2":"type-product","3":"status-publish","4":"has-post-thumbnail","6":"product_cat-satulatuolit","7":"product_cat-uudet-kalusteet","8":"product_shipping_class-hintaryhma-1","10":"first","11":"onbackorder","12":"taxable","13":"shipping-taxable","14":"purchasable","15":"product-type-simple"},"_links":{"self":[{"href":"https:\/\/ouluntoimistokaluste.fi\/en\/wp-json\/wp\/v2\/product\/956","targetHints":{"allow":["GET"]}}],"collection":[{"href":"https:\/\/ouluntoimistokaluste.fi\/en\/wp-json\/wp\/v2\/product"}],"about":[{"href":"https:\/\/ouluntoimistokaluste.fi\/en\/wp-json\/wp\/v2\/types\/product"}],"wp:featuredmedia":[{"embeddable":true,"href":"https:\/\/ouluntoimistokaluste.fi\/en\/wp-json\/wp\/v2\/media\/1198"}],"wp:attachment":[{"href":"https:\/\/ouluntoimistokaluste.fi\/en\/wp-json\/wp\/v2\/media?parent=956"}],"wp:term":[{"taxonomy":"product_brand","embeddable":true,"href":"https:\/\/ouluntoimistokaluste.fi\/en\/wp-json\/wp\/v2\/product_brand?post=956"},{"taxonomy":"product_cat","embeddable":true,"href":"https:\/\/ouluntoimistokaluste.fi\/en\/wp-json\/wp\/v2\/product_cat?post=956"},{"taxonomy":"product_tag","embeddable":true,"href":"https:\/\/ouluntoimistokaluste.fi\/en\/wp-json\/wp\/v2\/product_tag?post=956"}],"curies":[{"name":"wp","href":"https:\/\/api.w.org\/{rel}","templated":true}]}}