{"id":953,"date":"2023-07-26T10:42:03","date_gmt":"2023-07-26T10:42:03","guid":{"rendered":"https:\/\/ouluntoimistokaluste.fi\/tuote\/tc934-kyynarvarsituki\/"},"modified":"2025-03-21T07:03:06","modified_gmt":"2025-03-21T07:03:06","slug":"tc934-kyynarvarsituki","status":"publish","type":"product","link":"https:\/\/ouluntoimistokaluste.fi\/en\/product\/tc934-kyynarvarsituki\/","title":{"rendered":"TC934 kyyn\u00e4rvarsituki"},"content":{"rendered":"<p>Kyyn\u00e4rvarsituki TC934 sopii erinomaisesti k\u00e4ytett\u00e4v\u00e4ksi hiiriohjainten kanssa. Voidaan k\u00e4ytt\u00e4\u00e4 my\u00f6s muiden hiiriohjainten kanssa. Materiaali helposti puhdistettava musta keinonahka. Mitat: 683&#215;205 mm, kapein kohta 50 mm<\/p>","protected":false},"excerpt":{"rendered":"<p><strong>Toimitusaika 4 arkip\u00e4iv\u00e4\u00e4<\/strong><\/p>","protected":false},"featured_media":1282,"template":"","meta":[],"product_brand":[],"product_cat":[33,27],"product_tag":[],"class_list":{"0":"post-953","1":"product","2":"type-product","3":"status-publish","4":"has-post-thumbnail","6":"product_cat-muut-tuotteet","7":"product_cat-uudet-kalusteet","8":"product_shipping_class-hintaryhma-1","10":"first","11":"instock","12":"taxable","13":"shipping-taxable","14":"purchasable","15":"product-type-simple"},"_links":{"self":[{"href":"https:\/\/ouluntoimistokaluste.fi\/en\/wp-json\/wp\/v2\/product\/953","targetHints":{"allow":["GET"]}}],"collection":[{"href":"https:\/\/ouluntoimistokaluste.fi\/en\/wp-json\/wp\/v2\/product"}],"about":[{"href":"https:\/\/ouluntoimistokaluste.fi\/en\/wp-json\/wp\/v2\/types\/product"}],"wp:featuredmedia":[{"embeddable":true,"href":"https:\/\/ouluntoimistokaluste.fi\/en\/wp-json\/wp\/v2\/media\/1282"}],"wp:attachment":[{"href":"https:\/\/ouluntoimistokaluste.fi\/en\/wp-json\/wp\/v2\/media?parent=953"}],"wp:term":[{"taxonomy":"product_brand","embeddable":true,"href":"https:\/\/ouluntoimistokaluste.fi\/en\/wp-json\/wp\/v2\/product_brand?post=953"},{"taxonomy":"product_cat","embeddable":true,"href":"https:\/\/ouluntoimistokaluste.fi\/en\/wp-json\/wp\/v2\/product_cat?post=953"},{"taxonomy":"product_tag","embeddable":true,"href":"https:\/\/ouluntoimistokaluste.fi\/en\/wp-json\/wp\/v2\/product_tag?post=953"}],"curies":[{"name":"wp","href":"https:\/\/api.w.org\/{rel}","templated":true}]}}