{"id":950,"date":"2023-07-26T10:42:03","date_gmt":"2023-07-26T10:42:03","guid":{"rendered":"https:\/\/ouluntoimistokaluste.fi\/tuote\/stoo-round-aktiivituoli\/"},"modified":"2023-09-28T13:01:38","modified_gmt":"2023-09-28T13:01:38","slug":"stoo-round-aktiivituoli","status":"publish","type":"product","link":"https:\/\/ouluntoimistokaluste.fi\/en\/product\/stoo-round-aktiivituoli\/","title":{"rendered":"STOO Round-aktiivituoli"},"content":{"rendered":"<p>Stoo\u00ae Round muuttaa staattisen istumisen aktiiviseksi kuperan jalkaosan ansiosta ja istuinosan ajaton muotoilu mahdollistaa loistavan ergonomisen istumanautinnon. Kuminen pohja takaa hyv\u00e4n pidon eik\u00e4 tuoli luista alta. Kaasujousi on luonnollisesti py\u00f6rim\u00e4t\u00f6n, jotta k\u00e4ytt\u00e4minen olisi turvallista.<\/p>\n<p>V\u00e4rit: musta\/musta tai valkoinen\/musta<\/p>","protected":false},"excerpt":{"rendered":"<p>Stoo\u00ae Round on t\u00e4ysiverinen aktiivituoli, joka ei kuitenkaan pakota sinua pysym\u00e4\u00e4n paikallasi vaan p\u00e4invastoin aktivoi sinua pysym\u00e4\u00e4n liikkeess\u00e4.<\/p>\n<p><strong>Toimitusaika 4 arkip\u00e4iv\u00e4\u00e4<\/strong><\/p>","protected":false},"featured_media":1524,"template":"","meta":[],"product_brand":[],"product_cat":[29,27],"product_tag":[],"class_list":{"0":"post-950","1":"product","2":"type-product","3":"status-publish","4":"has-post-thumbnail","6":"product_cat-satulatuolit","7":"product_cat-uudet-kalusteet","8":"product_shipping_class-hintaryhma-1","10":"first","11":"onbackorder","12":"taxable","13":"shipping-taxable","14":"purchasable","15":"product-type-simple"},"_links":{"self":[{"href":"https:\/\/ouluntoimistokaluste.fi\/en\/wp-json\/wp\/v2\/product\/950","targetHints":{"allow":["GET"]}}],"collection":[{"href":"https:\/\/ouluntoimistokaluste.fi\/en\/wp-json\/wp\/v2\/product"}],"about":[{"href":"https:\/\/ouluntoimistokaluste.fi\/en\/wp-json\/wp\/v2\/types\/product"}],"wp:featuredmedia":[{"embeddable":true,"href":"https:\/\/ouluntoimistokaluste.fi\/en\/wp-json\/wp\/v2\/media\/1524"}],"wp:attachment":[{"href":"https:\/\/ouluntoimistokaluste.fi\/en\/wp-json\/wp\/v2\/media?parent=950"}],"wp:term":[{"taxonomy":"product_brand","embeddable":true,"href":"https:\/\/ouluntoimistokaluste.fi\/en\/wp-json\/wp\/v2\/product_brand?post=950"},{"taxonomy":"product_cat","embeddable":true,"href":"https:\/\/ouluntoimistokaluste.fi\/en\/wp-json\/wp\/v2\/product_cat?post=950"},{"taxonomy":"product_tag","embeddable":true,"href":"https:\/\/ouluntoimistokaluste.fi\/en\/wp-json\/wp\/v2\/product_tag?post=950"}],"curies":[{"name":"wp","href":"https:\/\/api.w.org\/{rel}","templated":true}]}}