{"id":949,"date":"2023-07-26T10:42:03","date_gmt":"2023-07-26T10:42:03","guid":{"rendered":"https:\/\/ouluntoimistokaluste.fi\/tuote\/stoo-active-board\/"},"modified":"2025-02-10T14:49:24","modified_gmt":"2025-02-10T14:49:24","slug":"stoo-active-board","status":"publish","type":"product","link":"https:\/\/ouluntoimistokaluste.fi\/en\/product\/stoo-active-board\/","title":{"rendered":"STOO Active Board"},"content":{"rendered":"<p>Stoo\u00ae Aktiivilauta on luonteva osa modernia ty\u00f6pistett\u00e4. Vaihtelemalla asentoa v\u00e4lill\u00e4 istuen ja v\u00e4lill\u00e4 seisten, saat parhaat edellytykset hyv\u00e4\u00e4n kuntoiluun ja terveyteen. V\u00e4rit: harmaa, keltainen, vihre\u00e4.<\/p>","protected":false},"excerpt":{"rendered":"<p><strong>Toimitusaika 4 arkip\u00e4iv\u00e4\u00e4<\/strong><\/p>","protected":false},"featured_media":1285,"template":"","meta":[],"product_brand":[],"product_cat":[33,27],"product_tag":[],"class_list":{"0":"post-949","1":"product","2":"type-product","3":"status-publish","4":"has-post-thumbnail","6":"product_cat-muut-tuotteet","7":"product_cat-uudet-kalusteet","8":"product_shipping_class-hintaryhma-1","10":"first","11":"instock","12":"taxable","13":"shipping-taxable","14":"purchasable","15":"product-type-simple"},"_links":{"self":[{"href":"https:\/\/ouluntoimistokaluste.fi\/en\/wp-json\/wp\/v2\/product\/949","targetHints":{"allow":["GET"]}}],"collection":[{"href":"https:\/\/ouluntoimistokaluste.fi\/en\/wp-json\/wp\/v2\/product"}],"about":[{"href":"https:\/\/ouluntoimistokaluste.fi\/en\/wp-json\/wp\/v2\/types\/product"}],"wp:featuredmedia":[{"embeddable":true,"href":"https:\/\/ouluntoimistokaluste.fi\/en\/wp-json\/wp\/v2\/media\/1285"}],"wp:attachment":[{"href":"https:\/\/ouluntoimistokaluste.fi\/en\/wp-json\/wp\/v2\/media?parent=949"}],"wp:term":[{"taxonomy":"product_brand","embeddable":true,"href":"https:\/\/ouluntoimistokaluste.fi\/en\/wp-json\/wp\/v2\/product_brand?post=949"},{"taxonomy":"product_cat","embeddable":true,"href":"https:\/\/ouluntoimistokaluste.fi\/en\/wp-json\/wp\/v2\/product_cat?post=949"},{"taxonomy":"product_tag","embeddable":true,"href":"https:\/\/ouluntoimistokaluste.fi\/en\/wp-json\/wp\/v2\/product_tag?post=949"}],"curies":[{"name":"wp","href":"https:\/\/api.w.org\/{rel}","templated":true}]}}