{"id":935,"date":"2023-07-26T10:41:57","date_gmt":"2023-07-26T10:41:57","guid":{"rendered":"https:\/\/ouluntoimistokaluste.fi\/tuote\/lena-sohvapoyta\/"},"modified":"2023-09-28T12:54:45","modified_gmt":"2023-09-28T12:54:45","slug":"lena-sohvapoyta","status":"publish","type":"product","link":"https:\/\/ouluntoimistokaluste.fi\/en\/product\/lena-sohvapoyta\/","title":{"rendered":"Lena-sohvap\u00f6yt\u00e4"},"content":{"rendered":"<p>P\u00f6yd\u00e4n korkeus 60,5 cm, v\u00e4ri keskiharmaa.<\/p>\n<p>Kansi 80 cm, valkoinen melamiini.<\/p>","protected":false},"excerpt":{"rendered":"<p>Suosittu taukotilan p\u00f6yt\u00e4sarja.<\/p>\n<p><strong>Toimitusaika 3 arkip\u00e4iv\u00e4\u00e4<\/strong><\/p>","protected":false},"featured_media":1122,"template":"","meta":[],"product_brand":[],"product_cat":[31,27],"product_tag":[],"class_list":{"0":"post-935","1":"product","2":"type-product","3":"status-publish","4":"has-post-thumbnail","6":"product_cat-muutpoydat","7":"product_cat-uudet-kalusteet","8":"product_shipping_class-hintaryhma-2","10":"first","11":"instock","12":"taxable","13":"shipping-taxable","14":"purchasable","15":"product-type-simple"},"_links":{"self":[{"href":"https:\/\/ouluntoimistokaluste.fi\/en\/wp-json\/wp\/v2\/product\/935","targetHints":{"allow":["GET"]}}],"collection":[{"href":"https:\/\/ouluntoimistokaluste.fi\/en\/wp-json\/wp\/v2\/product"}],"about":[{"href":"https:\/\/ouluntoimistokaluste.fi\/en\/wp-json\/wp\/v2\/types\/product"}],"wp:featuredmedia":[{"embeddable":true,"href":"https:\/\/ouluntoimistokaluste.fi\/en\/wp-json\/wp\/v2\/media\/1122"}],"wp:attachment":[{"href":"https:\/\/ouluntoimistokaluste.fi\/en\/wp-json\/wp\/v2\/media?parent=935"}],"wp:term":[{"taxonomy":"product_brand","embeddable":true,"href":"https:\/\/ouluntoimistokaluste.fi\/en\/wp-json\/wp\/v2\/product_brand?post=935"},{"taxonomy":"product_cat","embeddable":true,"href":"https:\/\/ouluntoimistokaluste.fi\/en\/wp-json\/wp\/v2\/product_cat?post=935"},{"taxonomy":"product_tag","embeddable":true,"href":"https:\/\/ouluntoimistokaluste.fi\/en\/wp-json\/wp\/v2\/product_tag?post=935"}],"curies":[{"name":"wp","href":"https:\/\/api.w.org\/{rel}","templated":true}]}}