{"id":928,"date":"2023-07-26T10:41:50","date_gmt":"2023-07-26T10:41:50","guid":{"rendered":"https:\/\/ouluntoimistokaluste.fi\/tuote\/ergo-pro-tyotuoli\/"},"modified":"2026-02-24T06:26:50","modified_gmt":"2026-02-24T06:26:50","slug":"ergo-pro-tyotuoli","status":"publish","type":"product","link":"https:\/\/ouluntoimistokaluste.fi\/en\/product\/ergo-pro-tyotuoli\/","title":{"rendered":"Ergo Pro-ty\u00f6tuoli"},"content":{"rendered":"<p><strong>ISTUIMEN OMINAISUUDET<\/strong><br \/>\n&#8211; korkeudens\u00e4\u00e4t\u00f6<br \/>\n&#8211; kallistuksen s\u00e4\u00e4t\u00f6<br \/>\n&#8211; istuinsyvyyden s\u00e4\u00e4t\u00f6<br \/>\n&#8211; painon mukaan s\u00e4\u00e4dett\u00e4v\u00e4 keinuvastus.<\/p>\n<p><strong>SELK\u00c4NOJAN OMINAISUUDET<\/strong><br \/>\n&#8211; korkeudens\u00e4\u00e4t\u00f6<\/p>\n<p><strong>NISKATUKI<\/strong><br \/>\n&#8211;\u00a0verhoilukangas 100 000 Martindale<br \/>\n&#8211; korkeudens\u00e4\u00e4t\u00f6<br \/>\n&#8211; kallistuksen s\u00e4\u00e4t\u00f6.<\/p>\n<p><strong>K\u00c4SINOJAT<\/strong><br \/>\n&#8211; korkeussuunnassa s\u00e4\u00e4dett\u00e4v\u00e4t k\u00e4sinojat.<\/p>\n<p><strong>VERHOILU<\/strong><br \/>\n&#8211; verhoilukangas 100 000 Martindale<br \/>\n&#8211; v\u00e4ri musta.<\/p>\n<p><strong>RISTIKKO<\/strong><br \/>\n&#8211; halkaisija 70 cm<br \/>\n&#8211; musta<br \/>\n&#8211; vapaasti py\u00f6riv\u00e4t\u00a0py\u00f6r\u00e4t.<\/p>\n<p><strong>MITAT<\/strong><br \/>\n&#8211; istuinkorkeus 46-58 cm<br \/>\n&#8211; istuimen leveys 47 cm<br \/>\n&#8211; istuimen syvyys 46 cm<br \/>\n&#8211; selk\u00e4nojan korkeus 55 cm<br \/>\n&#8211; selk\u00e4nojan leveys 40 cm.<\/p>\n<p>Takuu 5 vuotta<\/p>","protected":false},"excerpt":{"rendered":"<p>Suosituimmasta niskatuettomasta Ergo-ty\u00f6tuolistamme saatavana nyt uusi malli, korkea selk\u00e4nojainen ja niskatuellinen Ergo Pro.<\/p>\n<p>Toimitusaika 3 arkip\u00e4iv\u00e4\u00e4<\/p>","protected":false},"featured_media":1164,"template":"","meta":[],"product_brand":[],"product_cat":[25,27],"product_tag":[],"class_list":{"0":"post-928","1":"product","2":"type-product","3":"status-publish","4":"has-post-thumbnail","6":"product_cat-tyotuolit","7":"product_cat-uudet-kalusteet","8":"product_shipping_class-hintaryhma-1","10":"first","11":"onbackorder","12":"sold-individually","13":"taxable","14":"shipping-taxable","15":"purchasable","16":"product-type-simple"},"_links":{"self":[{"href":"https:\/\/ouluntoimistokaluste.fi\/en\/wp-json\/wp\/v2\/product\/928","targetHints":{"allow":["GET"]}}],"collection":[{"href":"https:\/\/ouluntoimistokaluste.fi\/en\/wp-json\/wp\/v2\/product"}],"about":[{"href":"https:\/\/ouluntoimistokaluste.fi\/en\/wp-json\/wp\/v2\/types\/product"}],"wp:featuredmedia":[{"embeddable":true,"href":"https:\/\/ouluntoimistokaluste.fi\/en\/wp-json\/wp\/v2\/media\/1164"}],"wp:attachment":[{"href":"https:\/\/ouluntoimistokaluste.fi\/en\/wp-json\/wp\/v2\/media?parent=928"}],"wp:term":[{"taxonomy":"product_brand","embeddable":true,"href":"https:\/\/ouluntoimistokaluste.fi\/en\/wp-json\/wp\/v2\/product_brand?post=928"},{"taxonomy":"product_cat","embeddable":true,"href":"https:\/\/ouluntoimistokaluste.fi\/en\/wp-json\/wp\/v2\/product_cat?post=928"},{"taxonomy":"product_tag","embeddable":true,"href":"https:\/\/ouluntoimistokaluste.fi\/en\/wp-json\/wp\/v2\/product_tag?post=928"}],"curies":[{"name":"wp","href":"https:\/\/api.w.org\/{rel}","templated":true}]}}