{"id":924,"date":"2023-07-26T10:41:50","date_gmt":"2023-07-26T10:41:50","guid":{"rendered":"https:\/\/ouluntoimistokaluste.fi\/tuote\/xikxak-naulakko\/"},"modified":"2023-10-25T13:46:49","modified_gmt":"2023-10-25T13:46:49","slug":"xikxak-naulakko","status":"publish","type":"product","link":"https:\/\/ouluntoimistokaluste.fi\/en\/product\/xikxak-naulakko\/","title":{"rendered":"XikXak-naulakko"},"content":{"rendered":"<p>Suunniteltu kest\u00e4m\u00e4\u00e4n k\u00e4ytt\u00f6\u00e4 julkiskohteissa.<\/p>\n<p>Sis\u00e4lt\u00e4\u00e4 korotetun kenk\u00e4tason.<\/p>\n<p>V\u00e4rit: Musta, valkoinen, hopeanharmaa, tummanharmaa.<\/p>","protected":false},"excerpt":{"rendered":"<p>Vapaasti lattialla seisova tukeva naulakko.<\/p>\n<p><strong>Toimitusaika 4 viikkoa<\/strong><\/p>","protected":false},"featured_media":1288,"template":"","meta":[],"product_brand":[],"product_cat":[33,27],"product_tag":[],"class_list":{"0":"post-924","1":"product","2":"type-product","3":"status-publish","4":"has-post-thumbnail","6":"product_cat-muut-tuotteet","7":"product_cat-uudet-kalusteet","8":"product_shipping_class-hintaryhma-2","10":"first","11":"onbackorder","12":"taxable","13":"shipping-taxable","14":"purchasable","15":"product-type-variable"},"_links":{"self":[{"href":"https:\/\/ouluntoimistokaluste.fi\/en\/wp-json\/wp\/v2\/product\/924","targetHints":{"allow":["GET"]}}],"collection":[{"href":"https:\/\/ouluntoimistokaluste.fi\/en\/wp-json\/wp\/v2\/product"}],"about":[{"href":"https:\/\/ouluntoimistokaluste.fi\/en\/wp-json\/wp\/v2\/types\/product"}],"wp:featuredmedia":[{"embeddable":true,"href":"https:\/\/ouluntoimistokaluste.fi\/en\/wp-json\/wp\/v2\/media\/1288"}],"wp:attachment":[{"href":"https:\/\/ouluntoimistokaluste.fi\/en\/wp-json\/wp\/v2\/media?parent=924"}],"wp:term":[{"taxonomy":"product_brand","embeddable":true,"href":"https:\/\/ouluntoimistokaluste.fi\/en\/wp-json\/wp\/v2\/product_brand?post=924"},{"taxonomy":"product_cat","embeddable":true,"href":"https:\/\/ouluntoimistokaluste.fi\/en\/wp-json\/wp\/v2\/product_cat?post=924"},{"taxonomy":"product_tag","embeddable":true,"href":"https:\/\/ouluntoimistokaluste.fi\/en\/wp-json\/wp\/v2\/product_tag?post=924"}],"curies":[{"name":"wp","href":"https:\/\/api.w.org\/{rel}","templated":true}]}}