{"id":910,"date":"2023-07-26T10:41:50","date_gmt":"2023-07-26T10:41:50","guid":{"rendered":"https:\/\/ouluntoimistokaluste.fi\/tuote\/top-laatikosto\/"},"modified":"2023-09-28T13:22:11","modified_gmt":"2023-09-28T13:22:11","slug":"top-laatikosto","status":"publish","type":"product","link":"https:\/\/ouluntoimistokaluste.fi\/en\/product\/top-laatikosto\/","title":{"rendered":"Top-laatikosto"},"content":{"rendered":"<div class=\"element tlx_product_description text\">\n<div class=\"element-text content\">\n<div>\n<p>Laatikostoissa lukittavat etupy\u00f6r\u00e4t ja kyn\u00e4kaukalo. Keskuslukitus lukitsee kaikki laatikot kerralla. Kyn\u00e4kaukalon paikkaa voi siirt\u00e4\u00e4 tarpeen mukaan laatikosta toiseen.<\/p>\n<\/div>\n<\/div>\n<\/div>\n<div class=\"element tlx_product_more parent\">\n<div class=\"element tlx_product_more_left text\">\n<div class=\"element-text content\">\n<div>\n<h3>Ominaisuudet:<\/h3>\n<p>Py\u00f6rill\u00e4 liikuteltava<\/p>\n<p class=\"\">Kyn\u00e4kaukalo<\/p>\n<p class=\"\">Lukittava (2 avainta)<\/p>\n<p>V\u00e4rit: Valkoinen tai koivu<\/p>\n<p>Huom! Toimitetaan kasattuina, vain py\u00f6r\u00e4t ja vetimet kiinnitet\u00e4\u00e4n paikalleen<\/p>\n<\/div>\n<\/div>\n<\/div>\n<div class=\"element tlx_product_more_right text\">\n<div class=\"element-text content\">\n<h3>Mitat:<\/h3>\n<p class=\"\"><span class=\"brClass\">Korkeus: 65 cm<br \/>\nLeveys: 40,5 cm<br \/>\nSyvyys: 58 cm<br \/>\n<\/span><\/p>\n<\/div>\n<\/div>\n<\/div>","protected":false},"excerpt":{"rendered":"<p>Py\u00f6rill\u00e4 liikuteltava ja lukittava laatikosto<\/p>\n<p><strong>Toimitusaika 4 arkip\u00e4iv\u00e4\u00e4<\/strong><\/p>","protected":false},"featured_media":1253,"template":"","meta":[],"product_brand":[],"product_cat":[32,27],"product_tag":[],"class_list":{"0":"post-910","1":"product","2":"type-product","3":"status-publish","4":"has-post-thumbnail","6":"product_cat-sailyttimet","7":"product_cat-uudet-kalusteet","8":"product_shipping_class-hintaryhma-1","10":"first","11":"onbackorder","12":"taxable","13":"shipping-taxable","14":"purchasable","15":"product-type-simple"},"_links":{"self":[{"href":"https:\/\/ouluntoimistokaluste.fi\/en\/wp-json\/wp\/v2\/product\/910","targetHints":{"allow":["GET"]}}],"collection":[{"href":"https:\/\/ouluntoimistokaluste.fi\/en\/wp-json\/wp\/v2\/product"}],"about":[{"href":"https:\/\/ouluntoimistokaluste.fi\/en\/wp-json\/wp\/v2\/types\/product"}],"wp:featuredmedia":[{"embeddable":true,"href":"https:\/\/ouluntoimistokaluste.fi\/en\/wp-json\/wp\/v2\/media\/1253"}],"wp:attachment":[{"href":"https:\/\/ouluntoimistokaluste.fi\/en\/wp-json\/wp\/v2\/media?parent=910"}],"wp:term":[{"taxonomy":"product_brand","embeddable":true,"href":"https:\/\/ouluntoimistokaluste.fi\/en\/wp-json\/wp\/v2\/product_brand?post=910"},{"taxonomy":"product_cat","embeddable":true,"href":"https:\/\/ouluntoimistokaluste.fi\/en\/wp-json\/wp\/v2\/product_cat?post=910"},{"taxonomy":"product_tag","embeddable":true,"href":"https:\/\/ouluntoimistokaluste.fi\/en\/wp-json\/wp\/v2\/product_tag?post=910"}],"curies":[{"name":"wp","href":"https:\/\/api.w.org\/{rel}","templated":true}]}}