{"id":904,"date":"2023-07-26T10:41:45","date_gmt":"2023-07-26T10:41:45","guid":{"rendered":"https:\/\/ouluntoimistokaluste.fi\/tuote\/indy-teollisuustuoli\/"},"modified":"2025-10-03T07:26:48","modified_gmt":"2025-10-03T07:26:48","slug":"indy-teollisuustuoli","status":"publish","type":"product","link":"https:\/\/ouluntoimistokaluste.fi\/en\/product\/indy-teollisuustuoli\/","title":{"rendered":"Indy-teollisuustuoli"},"content":{"rendered":"<div class=\"element tlx_product_more_left text\">\n<div class=\"element-text content\">\n<div>\n<h3>Ominaisuudet:<\/h3>\n<p>Istuinkulutusta kest\u00e4v\u00e4\u00e4 kumimateriaalia (polyuretaania)<\/p>\n<p>Istuimen- ja selk\u00e4nojan kaltevuudens\u00e4\u00e4t\u00f6<\/p>\n<p>Korkeudens\u00e4\u00e4t\u00f6 kaasujousella<\/p>\n<p>Korkea kaasujousi<\/p>\n<p>Jalkarengas<\/p>\n<p><span class=\"brClass\">Jalkaristikko kiilt\u00e4v\u00e4\u00e4 alumiinia<\/span><\/p>\n<p>Selk\u00e4nojan korkeudens\u00e4\u00e4t\u00f6<\/p>\n<p>Liukunastat<\/p>\n<p>Mitat:<\/p>\n<\/div>\n<\/div>\n<\/div>\n<div class=\"element tlx_product_more_right text\">\n<div class=\"element-text content\">\n<p>Jalkaristikon halkaisija: 66 cm<span class=\"brClass\"><br \/>\n<\/span>Istuimen korkeus: 56-82 cm<span class=\"brClass\"><br \/>\n<\/span>Istuimen leveys: 42 cm<span class=\"brClass\"><br \/>\n<\/span>Istuimen syvyys: 41 cm<span class=\"brClass\"><br \/>\n<\/span>Selk\u00e4nojan korkeus: 32 cm<span class=\"brClass\"><br \/>\n<\/span>Selk\u00e4nojan leveys: 39 cm<span class=\"brClass\"><br \/>\n<\/span>Selk\u00e4nojan korkeuden s\u00e4\u00e4t\u00f6: 5 cm<span class=\"brClass\"><br \/>\n<\/span><span class=\"brClass\"><br \/>\n<\/span><\/p>\n<p><b>V\u00e4ri:<\/b><\/p>\n<p>Musta (black)<\/p>\n<p>Takuu 2 vuotta<\/p>\n<\/div>\n<\/div>","protected":false},"excerpt":{"rendered":"<p>Teollisuuteen ja laboratorioihin tarkoitettu ty\u00f6tuoli kallistus- ja korkeuss\u00e4\u00e4d\u00f6ll\u00e4.<\/p>\n<p><strong>Toimitusaika 4 arkip\u00e4iv\u00e4\u00e4<\/strong><\/p>","protected":false},"featured_media":1531,"template":"","meta":[],"product_brand":[],"product_cat":[25,27],"product_tag":[],"class_list":{"0":"post-904","1":"product","2":"type-product","3":"status-publish","4":"has-post-thumbnail","6":"product_cat-tyotuolit","7":"product_cat-uudet-kalusteet","8":"product_shipping_class-hintaryhma-1","10":"first","11":"onbackorder","12":"sold-individually","13":"taxable","14":"shipping-taxable","15":"purchasable","16":"product-type-simple"},"_links":{"self":[{"href":"https:\/\/ouluntoimistokaluste.fi\/en\/wp-json\/wp\/v2\/product\/904","targetHints":{"allow":["GET"]}}],"collection":[{"href":"https:\/\/ouluntoimistokaluste.fi\/en\/wp-json\/wp\/v2\/product"}],"about":[{"href":"https:\/\/ouluntoimistokaluste.fi\/en\/wp-json\/wp\/v2\/types\/product"}],"wp:featuredmedia":[{"embeddable":true,"href":"https:\/\/ouluntoimistokaluste.fi\/en\/wp-json\/wp\/v2\/media\/1531"}],"wp:attachment":[{"href":"https:\/\/ouluntoimistokaluste.fi\/en\/wp-json\/wp\/v2\/media?parent=904"}],"wp:term":[{"taxonomy":"product_brand","embeddable":true,"href":"https:\/\/ouluntoimistokaluste.fi\/en\/wp-json\/wp\/v2\/product_brand?post=904"},{"taxonomy":"product_cat","embeddable":true,"href":"https:\/\/ouluntoimistokaluste.fi\/en\/wp-json\/wp\/v2\/product_cat?post=904"},{"taxonomy":"product_tag","embeddable":true,"href":"https:\/\/ouluntoimistokaluste.fi\/en\/wp-json\/wp\/v2\/product_tag?post=904"}],"curies":[{"name":"wp","href":"https:\/\/api.w.org\/{rel}","templated":true}]}}