{"id":903,"date":"2023-07-26T10:41:45","date_gmt":"2023-07-26T10:41:45","guid":{"rendered":"https:\/\/ouluntoimistokaluste.fi\/tuote\/prima-tyotuoli\/"},"modified":"2025-03-14T12:00:45","modified_gmt":"2025-03-14T12:00:45","slug":"prima-tyotuoli","status":"publish","type":"product","link":"https:\/\/ouluntoimistokaluste.fi\/en\/product\/prima-tyotuoli\/","title":{"rendered":"Prima-ty\u00f6tuoli"},"content":{"rendered":"<p><strong>ISTUIMEN OMINAISUUDET<\/strong><br \/>\n&#8211; korkeudens\u00e4\u00e4t\u00f6 kaasujousella<br \/>\n&#8211; kallistuksen s\u00e4\u00e4t\u00f6, portaaton<br \/>\n&#8211; istuinsyvyyden s\u00e4\u00e4t\u00f6, portaaton<br \/>\n&#8211; painon mukaan s\u00e4\u00e4dett\u00e4v\u00e4 keinuvastus.<\/p>\n<p><strong>SELK\u00c4NOJAN OMINAISUUDET<\/strong><br \/>\n&#8211; korkeudens\u00e4\u00e4t\u00f6, portaallinen<br \/>\n&#8211; kallistuksens\u00e4\u00e4t\u00f6, portaaton<\/p>\n<p><strong>K\u00c4SINOJAT<\/strong><br \/>\n&#8211; korkeuden s\u00e4\u00e4t\u00f6<\/p>\n<p><strong>VERHOILU<\/strong><br \/>\n&#8211; verhoilukangas 100 000 Martindale<br \/>\n&#8211; v\u00e4ri musta.<\/p>\n<p><strong>RISTIKKO<\/strong><br \/>\n&#8211; musta<br \/>\n&#8211;\u00a0halkaisija 70 cm<br \/>\n&#8211; vapaasti py\u00f6riv\u00e4t\u00a0py\u00f6r\u00e4t.<\/p>\n<p><strong>MITAT<\/strong><br \/>\n&#8211; istuinkorkeus 46-58 cm<br \/>\n&#8211; istuimen leveys 47 cm<br \/>\n&#8211; istuimen syvyys 46 cm<br \/>\n&#8211; selk\u00e4nojan korkeus 43 cm<br \/>\n&#8211; selk\u00e4nojan leveys 43 cm.<\/p>\n<p>Takuu 2 vuotta<\/p>","protected":false},"excerpt":{"rendered":"<p>Monipuolinen ja kest\u00e4v\u00e4 ty\u00f6tuoli portaattomilla mekanismeilla, joka toimistoon.<\/p>\n<p><strong>Toimitusaika 3 arkip\u00e4iv\u00e4\u00e4<\/strong><\/p>","protected":false},"featured_media":1163,"template":"","meta":[],"product_brand":[],"product_cat":[25,27],"product_tag":[],"class_list":{"0":"post-903","1":"product","2":"type-product","3":"status-publish","4":"has-post-thumbnail","6":"product_cat-tyotuolit","7":"product_cat-uudet-kalusteet","8":"product_shipping_class-hintaryhma-1","10":"first","11":"onbackorder","12":"sold-individually","13":"taxable","14":"shipping-taxable","15":"purchasable","16":"product-type-simple"},"_links":{"self":[{"href":"https:\/\/ouluntoimistokaluste.fi\/en\/wp-json\/wp\/v2\/product\/903","targetHints":{"allow":["GET"]}}],"collection":[{"href":"https:\/\/ouluntoimistokaluste.fi\/en\/wp-json\/wp\/v2\/product"}],"about":[{"href":"https:\/\/ouluntoimistokaluste.fi\/en\/wp-json\/wp\/v2\/types\/product"}],"wp:featuredmedia":[{"embeddable":true,"href":"https:\/\/ouluntoimistokaluste.fi\/en\/wp-json\/wp\/v2\/media\/1163"}],"wp:attachment":[{"href":"https:\/\/ouluntoimistokaluste.fi\/en\/wp-json\/wp\/v2\/media?parent=903"}],"wp:term":[{"taxonomy":"product_brand","embeddable":true,"href":"https:\/\/ouluntoimistokaluste.fi\/en\/wp-json\/wp\/v2\/product_brand?post=903"},{"taxonomy":"product_cat","embeddable":true,"href":"https:\/\/ouluntoimistokaluste.fi\/en\/wp-json\/wp\/v2\/product_cat?post=903"},{"taxonomy":"product_tag","embeddable":true,"href":"https:\/\/ouluntoimistokaluste.fi\/en\/wp-json\/wp\/v2\/product_tag?post=903"}],"curies":[{"name":"wp","href":"https:\/\/api.w.org\/{rel}","templated":true}]}}