{"id":900,"date":"2023-07-26T10:41:45","date_gmt":"2023-07-26T10:41:45","guid":{"rendered":"https:\/\/ouluntoimistokaluste.fi\/tuote\/light-up-mesh-tyotuoli\/"},"modified":"2024-09-09T12:28:01","modified_gmt":"2024-09-09T12:28:01","slug":"light-up-mesh-tyotuoli","status":"publish","type":"product","link":"https:\/\/ouluntoimistokaluste.fi\/en\/product\/light-up-mesh-tyotuoli\/","title":{"rendered":"Light Up Mesh-ty\u00f6tuoli"},"content":{"rendered":"<div class=\"element tlx_product_more_left text\">\n<div class=\"element-text content\">\n<h3>Ominaisuudet:<\/h3>\n<p>Kaasujousella toteutettu korkeudens\u00e4\u00e4t\u00f6<span class=\"brClass\"><br \/>\n<\/span>Istujan painon mukaan s\u00e4\u00e4dett\u00e4v\u00e4 keinumekanismi<span class=\"brClass\"><br \/>\n<\/span>Istuimen syvyydens\u00e4\u00e4t\u00f6<\/p>\n<p>Selk\u00e4nojassa ristisel\u00e4ntuen korkeuss\u00e4\u00e4t\u00f6<span class=\"brClass\"><br \/>\n<\/span>Pehme\u00e4t PU-py\u00f6r\u00e4t koville lattiapinnoille<span class=\"brClass\"><br \/>\n<\/span><\/p>\n<p class=\"\">Korkeus-, leveys ja syvyyssunnassa s\u00e4\u00e4dett\u00e4v\u00e4t k\u00e4sinojat ( P59PU)<\/p>\n<p class=\"\">Korkeussuunnassa s\u00e4\u00e4dett\u00e4v\u00e4t k\u00e4sinojat (P61PU)<\/p>\n<\/div>\n<\/div>\n<div class=\"element tlx_product_more_right text\">\n<div class=\"element-text content\">\n<div>\n<h3>Mitat:<\/h3>\n<p>Jalkaristikon halkaisija: 69 cm<span class=\"brClass\"><br \/>\n<\/span>Istuimen korkeus: 45-58 cm<span class=\"brClass\"><br \/>\n<\/span>Istuimen leveys: 50 cm<span class=\"brClass\"><br \/>\n<\/span>Istuimen syvyys: 44-50 cm<span class=\"brClass\"><br \/>\n<\/span>Selk\u00e4nojan korkeus: 57 cm<\/p>\n<p><b>V\u00e4rit:<\/b><\/p>\n<p class=\"\">Harmaa (NX-14)<\/p>\n<p>Musta (NX-16)<\/p>\n<p>NEXT KANGAS<span class=\"brClass\"><br \/>\n<\/span>\u2022 100 % polyester<span class=\"brClass\"><br \/>\n<\/span>\u2022 Hankauskest\u00e4vyys 100 000 Martindale<span class=\"brClass\"><br \/>\n<\/span>\u2022 Paloluokka EN 1021-1-2<\/p>\n<\/div>\n<p>Takuu 5 vuotta<\/p>\n<\/div>\n<\/div>","protected":false},"excerpt":{"rendered":"<p>Verkkoselk\u00e4inen ty\u00f6tuoli monipuolisilla s\u00e4\u00e4t\u00f6ominaisuuksilla ja ristisel\u00e4ntuen s\u00e4\u00e4d\u00f6ll\u00e4.<\/p>\n<p><strong>Toimitusaika 4 arkip\u00e4iv\u00e4\u00e4<\/strong><\/p>","protected":false},"featured_media":1511,"template":"","meta":[],"product_brand":[],"product_cat":[25,27],"product_tag":[],"class_list":{"0":"post-900","1":"product","2":"type-product","3":"status-publish","4":"has-post-thumbnail","6":"product_cat-tyotuolit","7":"product_cat-uudet-kalusteet","8":"product_shipping_class-hintaryhma-1","10":"first","11":"onbackorder","12":"sold-individually","13":"taxable","14":"shipping-taxable","15":"purchasable","16":"product-type-simple"},"_links":{"self":[{"href":"https:\/\/ouluntoimistokaluste.fi\/en\/wp-json\/wp\/v2\/product\/900","targetHints":{"allow":["GET"]}}],"collection":[{"href":"https:\/\/ouluntoimistokaluste.fi\/en\/wp-json\/wp\/v2\/product"}],"about":[{"href":"https:\/\/ouluntoimistokaluste.fi\/en\/wp-json\/wp\/v2\/types\/product"}],"wp:featuredmedia":[{"embeddable":true,"href":"https:\/\/ouluntoimistokaluste.fi\/en\/wp-json\/wp\/v2\/media\/1511"}],"wp:attachment":[{"href":"https:\/\/ouluntoimistokaluste.fi\/en\/wp-json\/wp\/v2\/media?parent=900"}],"wp:term":[{"taxonomy":"product_brand","embeddable":true,"href":"https:\/\/ouluntoimistokaluste.fi\/en\/wp-json\/wp\/v2\/product_brand?post=900"},{"taxonomy":"product_cat","embeddable":true,"href":"https:\/\/ouluntoimistokaluste.fi\/en\/wp-json\/wp\/v2\/product_cat?post=900"},{"taxonomy":"product_tag","embeddable":true,"href":"https:\/\/ouluntoimistokaluste.fi\/en\/wp-json\/wp\/v2\/product_tag?post=900"}],"curies":[{"name":"wp","href":"https:\/\/api.w.org\/{rel}","templated":true}]}}