{"id":898,"date":"2023-07-26T10:41:45","date_gmt":"2023-07-26T10:41:45","guid":{"rendered":"https:\/\/ouluntoimistokaluste.fi\/tuote\/comfo-two-tyotuoli\/"},"modified":"2025-03-03T12:01:56","modified_gmt":"2025-03-03T12:01:56","slug":"comfo-two-tyotuoli","status":"publish","type":"product","link":"https:\/\/ouluntoimistokaluste.fi\/en\/product\/comfo-two-tyotuoli\/","title":{"rendered":"Comfo Two-ty\u00f6tuoli"},"content":{"rendered":"<div class=\"element tlx_product_more_left text\">\n<div class=\"element-text content\">\n<div>\n<h3>Ominaisuudet:<\/h3>\n<p>S\u00e4\u00e4dett\u00e4v\u00e4 istuinsyvyys<\/p>\n<p>Istujan painon mukaan s\u00e4\u00e4dett\u00e4v\u00e4 Synkron keinumekanismi<\/p>\n<p>Ilmat\u00e4ytteinen ristisel\u00e4ntuen s\u00e4\u00e4t\u00f6<\/p>\n<p>S\u00e4\u00e4dett\u00e4v\u00e4 niskatuki (korkeus-, syvyys- ja kulmas\u00e4\u00e4t\u00f6)<\/p>\n<p>Selk\u00e4nojan ja istuimen korkeuden s\u00e4\u00e4t\u00f6<\/p>\n<p>4 D k\u00e4sinojat (korkeus-, syvyys-, leveys- ja kulmas\u00e4\u00e4t\u00f6)<\/p>\n<p>Kiillotettu jalkaristikko<\/p>\n<p>V\u00e4ri: musta<\/p>\n<p>Takuu 2 vuotta<\/p>\n<\/div>\n<\/div>\n<\/div>\n<div class=\"element tlx_product_more_right text\">\n<div class=\"element-text content\">\n<div>\n<h3>Mitat:<\/h3>\n<p>Jalkaristikon halkaisija: 70 cm<span class=\"brClass\"><br \/>\n<\/span>Istuimen korkeus: 43-54 cm<span class=\"brClass\"><br \/>\n<\/span>Istuimen leveys: 47 cm<span class=\"brClass\"><br \/>\n<\/span>Istuimen syvyys: 47-52 cm<span class=\"brClass\"><br \/>\n<\/span>Selk\u00e4nojan korkeus: 60 cm<\/p>\n<p>Paino: 23 kg<\/p>\n<\/div>\n<\/div>\n<\/div>","protected":false},"excerpt":{"rendered":"<p>Comfo Two -ty\u00f6tuoli on kevyehk\u00f6 moderni ty\u00f6tuoli, joka on suunniteltu kokop\u00e4iv\u00e4iseen toimistoty\u00f6skentelyyn. Tuolin istuinmukavuus yhdistettyn\u00e4 monipuolisiin s\u00e4\u00e4t\u00f6mahdollisuuksiin takaa ergonomisen ty\u00f6asennon niin pienelle kuin v\u00e4h\u00e4n suuremmallekin istujalle. Tuolin istuin on muotoiltu niin, ett\u00e4 jalkojen verenkierto pysyy aktiivisena pitk\u00e4\u00e4n istuessa. Ilmapumpun avulla ristisel\u00e4ntuen s\u00e4\u00e4t\u00f6 on mahdollista tehd\u00e4 yksil\u00f6llisesti. Tuolissa on vakiona s\u00e4\u00e4dett\u00e4v\u00e4 niskatuki.<\/p>","protected":false},"featured_media":1503,"template":"","meta":[],"product_brand":[],"product_cat":[25,27],"product_tag":[],"class_list":{"0":"post-898","1":"product","2":"type-product","3":"status-publish","4":"has-post-thumbnail","6":"product_cat-tyotuolit","7":"product_cat-uudet-kalusteet","8":"product_shipping_class-hintaryhma-1","10":"first","11":"onbackorder","12":"sold-individually","13":"taxable","14":"shipping-taxable","15":"purchasable","16":"product-type-simple"},"_links":{"self":[{"href":"https:\/\/ouluntoimistokaluste.fi\/en\/wp-json\/wp\/v2\/product\/898","targetHints":{"allow":["GET"]}}],"collection":[{"href":"https:\/\/ouluntoimistokaluste.fi\/en\/wp-json\/wp\/v2\/product"}],"about":[{"href":"https:\/\/ouluntoimistokaluste.fi\/en\/wp-json\/wp\/v2\/types\/product"}],"wp:featuredmedia":[{"embeddable":true,"href":"https:\/\/ouluntoimistokaluste.fi\/en\/wp-json\/wp\/v2\/media\/1503"}],"wp:attachment":[{"href":"https:\/\/ouluntoimistokaluste.fi\/en\/wp-json\/wp\/v2\/media?parent=898"}],"wp:term":[{"taxonomy":"product_brand","embeddable":true,"href":"https:\/\/ouluntoimistokaluste.fi\/en\/wp-json\/wp\/v2\/product_brand?post=898"},{"taxonomy":"product_cat","embeddable":true,"href":"https:\/\/ouluntoimistokaluste.fi\/en\/wp-json\/wp\/v2\/product_cat?post=898"},{"taxonomy":"product_tag","embeddable":true,"href":"https:\/\/ouluntoimistokaluste.fi\/en\/wp-json\/wp\/v2\/product_tag?post=898"}],"curies":[{"name":"wp","href":"https:\/\/api.w.org\/{rel}","templated":true}]}}