{"id":895,"date":"2023-07-26T10:41:45","date_gmt":"2023-07-26T10:41:45","guid":{"rendered":"https:\/\/ouluntoimistokaluste.fi\/tuote\/pro-40-tyotuoli\/"},"modified":"2025-10-01T11:18:32","modified_gmt":"2025-10-01T11:18:32","slug":"pro-40-tyotuoli","status":"publish","type":"product","link":"https:\/\/ouluntoimistokaluste.fi\/en\/product\/pro-40-tyotuoli\/","title":{"rendered":"Pro 40-ty\u00f6tuoli"},"content":{"rendered":"<p>Ominaisuudet:<\/p>\n<p>Istuinkaltevuuden s\u00e4\u00e4t\u00f6, my\u00f6s eteenp\u00e4in kallistus<\/p>\n<p>Istuinsyvyyden s\u00e4\u00e4t\u00f6<\/p>\n<p>Selk\u00e4nojankaltevuuden portaaton s\u00e4\u00e4t\u00f6<\/p>\n<p>Istujan painon mukaan s\u00e4\u00e4dett\u00e4v\u00e4 keinumekanismi<\/p>\n<p>Korkeus- ja leveyssuunnassa s\u00e4\u00e4dett\u00e4v\u00e4t k\u00e4sinojat<\/p>\n<p>Korkeus- ja syvyyssuunnassa s\u00e4\u00e4dett\u00e4v\u00e4 niskatuki<\/p>\n<p>Selk\u00e4nojan korkeuss\u00e4\u00e4t\u00f6 liftup mekanismilla<\/p>\n<p>Pehme\u00e4t PU-py\u00f6r\u00e4t koville lattiapinnoille<\/p>\n<p>EN 1335-2 &amp; 3<\/p>\n<p>Takuu 5 vuotta<\/p>\n<p>V\u00e4ri musta<\/p>\n<p>50 000 martindale hankauskesto<\/p>","protected":false},"excerpt":{"rendered":"<p>Niskatuellinen huipputuoli monipuolisilla s\u00e4\u00e4t\u00f6ominaisuuksilla.<\/p>","protected":false},"featured_media":1482,"template":"","meta":[],"product_brand":[],"product_cat":[25,27],"product_tag":[],"class_list":{"0":"post-895","1":"product","2":"type-product","3":"status-publish","4":"has-post-thumbnail","6":"product_cat-tyotuolit","7":"product_cat-uudet-kalusteet","8":"product_shipping_class-hintaryhma-1","10":"first","11":"onbackorder","12":"sold-individually","13":"taxable","14":"shipping-taxable","15":"purchasable","16":"product-type-simple"},"_links":{"self":[{"href":"https:\/\/ouluntoimistokaluste.fi\/en\/wp-json\/wp\/v2\/product\/895","targetHints":{"allow":["GET"]}}],"collection":[{"href":"https:\/\/ouluntoimistokaluste.fi\/en\/wp-json\/wp\/v2\/product"}],"about":[{"href":"https:\/\/ouluntoimistokaluste.fi\/en\/wp-json\/wp\/v2\/types\/product"}],"wp:featuredmedia":[{"embeddable":true,"href":"https:\/\/ouluntoimistokaluste.fi\/en\/wp-json\/wp\/v2\/media\/1482"}],"wp:attachment":[{"href":"https:\/\/ouluntoimistokaluste.fi\/en\/wp-json\/wp\/v2\/media?parent=895"}],"wp:term":[{"taxonomy":"product_brand","embeddable":true,"href":"https:\/\/ouluntoimistokaluste.fi\/en\/wp-json\/wp\/v2\/product_brand?post=895"},{"taxonomy":"product_cat","embeddable":true,"href":"https:\/\/ouluntoimistokaluste.fi\/en\/wp-json\/wp\/v2\/product_cat?post=895"},{"taxonomy":"product_tag","embeddable":true,"href":"https:\/\/ouluntoimistokaluste.fi\/en\/wp-json\/wp\/v2\/product_tag?post=895"}],"curies":[{"name":"wp","href":"https:\/\/api.w.org\/{rel}","templated":true}]}}