{"id":869,"date":"2023-07-26T10:41:38","date_gmt":"2023-07-26T10:41:38","guid":{"rendered":"https:\/\/ouluntoimistokaluste.fi\/tuote\/office-seinakesarja\/"},"modified":"2023-09-28T13:41:44","modified_gmt":"2023-09-28T13:41:44","slug":"office-seinakesarja","status":"publish","type":"product","link":"https:\/\/ouluntoimistokaluste.fi\/en\/product\/office-seinakesarja\/","title":{"rendered":"Office-sein\u00e4kesarja"},"content":{"rendered":"<p>Monipuolisesti muokattavissa oleva kotimainen sein\u00e4kesarja. Sein\u00e4kerungot valkoinen tai harmaa. Vakiokorkeudet 1280, 1575 ja 2055 mm. Sein\u00e4kkeisiin vaneripaneelit, kangaspaneelit tai lasipaneelit. Sein\u00e4kesarjaan kuuluvat my\u00f6s akryyliliukuovet. Pyyd\u00e4 tarjous.<\/p>","protected":false},"excerpt":{"rendered":"<p><strong>Toimitusaika 3 viikkoa<\/strong><\/p>","protected":false},"featured_media":1479,"template":"","meta":[],"product_brand":[],"product_cat":[34,27],"product_tag":[],"class_list":{"0":"post-869","1":"product","2":"type-product","3":"status-publish","4":"has-post-thumbnail","6":"product_cat-seinakkeet","7":"product_cat-uudet-kalusteet","8":"product_shipping_class-hintaryhma-1","10":"first","11":"onbackorder","12":"taxable","13":"shipping-taxable","14":"purchasable","15":"product-type-simple"},"_links":{"self":[{"href":"https:\/\/ouluntoimistokaluste.fi\/en\/wp-json\/wp\/v2\/product\/869","targetHints":{"allow":["GET"]}}],"collection":[{"href":"https:\/\/ouluntoimistokaluste.fi\/en\/wp-json\/wp\/v2\/product"}],"about":[{"href":"https:\/\/ouluntoimistokaluste.fi\/en\/wp-json\/wp\/v2\/types\/product"}],"wp:featuredmedia":[{"embeddable":true,"href":"https:\/\/ouluntoimistokaluste.fi\/en\/wp-json\/wp\/v2\/media\/1479"}],"wp:attachment":[{"href":"https:\/\/ouluntoimistokaluste.fi\/en\/wp-json\/wp\/v2\/media?parent=869"}],"wp:term":[{"taxonomy":"product_brand","embeddable":true,"href":"https:\/\/ouluntoimistokaluste.fi\/en\/wp-json\/wp\/v2\/product_brand?post=869"},{"taxonomy":"product_cat","embeddable":true,"href":"https:\/\/ouluntoimistokaluste.fi\/en\/wp-json\/wp\/v2\/product_cat?post=869"},{"taxonomy":"product_tag","embeddable":true,"href":"https:\/\/ouluntoimistokaluste.fi\/en\/wp-json\/wp\/v2\/product_tag?post=869"}],"curies":[{"name":"wp","href":"https:\/\/api.w.org\/{rel}","templated":true}]}}