{"id":867,"date":"2023-07-26T10:41:32","date_gmt":"2023-07-26T10:41:32","guid":{"rendered":"https:\/\/ouluntoimistokaluste.fi\/tuote\/orlando-xxl-tyotuoli\/"},"modified":"2025-06-10T13:01:41","modified_gmt":"2025-06-10T13:01:41","slug":"orlando-xxl-tyotuoli","status":"publish","type":"product","link":"https:\/\/ouluntoimistokaluste.fi\/en\/product\/orlando-xxl-tyotuoli\/","title":{"rendered":"Orlando XXL-ty\u00f6tuoli"},"content":{"rendered":"<p><strong>MATERIAALIT<\/strong><br \/>\nRistikko kiillotettua alumiinia. Istuin, selk\u00e4noja ja k\u00e4sinojat pehmustettuja.<\/p>\n<p><a href=\"https:\/\/www.q-furnisher.fi\/materiaalit\"><strong>VERHOILUVAIHTOEHDOT<\/strong><\/a><br \/>\nHR 0: Oban<br \/>\nHR\u00a01: Bondai, Era, Kaiman, Oflum, Sempre, Sempre Melange<br \/>\nHR\u00a02: Felicity, Radio, Rivet,\u00a0Valencia, Xtreme<br \/>\nHR\u00a03: Silvertex, Step, Step Melange, Split leather (SP)<br \/>\nHR\u00a04: Blazer, Fame, Synergy, Fine Leather SD front, Fine Leather LE front<br \/>\nHR\u00a0 5: Fine Leather LE, Fine Leather SD, Remix<\/p>\n<p><strong>Orlando UP 24 \/ 7\u00a0<\/strong><br \/>\nHR 4: 24 \/ 7 Flax, Fame<\/p>\n<p><strong>S\u00c4\u00c4T\u00d6MAHDOLLISUUDET<\/strong><br \/>\nEpron Syncron -mekanismi istuimen 60 mm syvyyss\u00e4\u00e4d\u00f6ll\u00e4. K\u00e4sinojien korkeudens\u00e4\u00e4t\u00f6 80 mm sek\u00e4\u00a0eteen- ja taakses\u00e4\u00e4t\u00f6 60 mm. Synkronoidusti kallistuvat istuin ja selk\u00e4noja. Asennon lukitus viiteen eri asentoon. Anti-shock-ominaisuus.<\/p>\n<p><strong>TAKUU<\/strong><br \/>\n\u200bTuotteilla on 5 vuoden takuu.<\/p>\n<p>Orlando XXL:ss\u00e4 on vahvistettu rakenne verrattuna normaaleihin ty\u00f6tuoleihin.<br \/>\nT\u00e4ytt\u00e4\u00e4 kest\u00e4vyysstandardin vaatimukset (Extreme durability conforms British Standard BS 5459 \u2013 2:2000).<\/p>","protected":false},"excerpt":{"rendered":"<p>Luja ty\u00f6tuolimalli 150 kg painorajalla. Useita eri v\u00e4ri ja kangasvaihtoehtoja.<\/p>","protected":false},"featured_media":1183,"template":"","meta":[],"product_brand":[],"product_cat":[25,27],"product_tag":[],"class_list":{"0":"post-867","1":"product","2":"type-product","3":"status-publish","4":"has-post-thumbnail","6":"product_cat-tyotuolit","7":"product_cat-uudet-kalusteet","8":"product_shipping_class-hintaryhma-1","10":"first","11":"onbackorder","12":"taxable","13":"shipping-taxable","14":"purchasable","15":"product-type-simple"},"_links":{"self":[{"href":"https:\/\/ouluntoimistokaluste.fi\/en\/wp-json\/wp\/v2\/product\/867","targetHints":{"allow":["GET"]}}],"collection":[{"href":"https:\/\/ouluntoimistokaluste.fi\/en\/wp-json\/wp\/v2\/product"}],"about":[{"href":"https:\/\/ouluntoimistokaluste.fi\/en\/wp-json\/wp\/v2\/types\/product"}],"wp:featuredmedia":[{"embeddable":true,"href":"https:\/\/ouluntoimistokaluste.fi\/en\/wp-json\/wp\/v2\/media\/1183"}],"wp:attachment":[{"href":"https:\/\/ouluntoimistokaluste.fi\/en\/wp-json\/wp\/v2\/media?parent=867"}],"wp:term":[{"taxonomy":"product_brand","embeddable":true,"href":"https:\/\/ouluntoimistokaluste.fi\/en\/wp-json\/wp\/v2\/product_brand?post=867"},{"taxonomy":"product_cat","embeddable":true,"href":"https:\/\/ouluntoimistokaluste.fi\/en\/wp-json\/wp\/v2\/product_cat?post=867"},{"taxonomy":"product_tag","embeddable":true,"href":"https:\/\/ouluntoimistokaluste.fi\/en\/wp-json\/wp\/v2\/product_tag?post=867"}],"curies":[{"name":"wp","href":"https:\/\/api.w.org\/{rel}","templated":true}]}}