{"id":859,"date":"2023-07-26T10:41:32","date_gmt":"2023-07-26T10:41:32","guid":{"rendered":"https:\/\/ouluntoimistokaluste.fi\/tuote\/lantana-tuoli-istuinverhoilulla\/"},"modified":"2023-09-28T13:34:16","modified_gmt":"2023-09-28T13:34:16","slug":"lantana-tuoli-istuinverhoilulla","status":"publish","type":"product","link":"https:\/\/ouluntoimistokaluste.fi\/en\/product\/lantana-tuoli-istuinverhoilulla\/","title":{"rendered":"Lantana-tuoli istuinverhoilulla"},"content":{"rendered":"<p>Runko ter\u00e4sputkea.<\/p>\n<p>My\u00f6s muita v\u00e4rivaihtoehtoja (pyyd\u00e4 tarjous).<\/p>\n<p>Pinottava (max 4 tuolia).<\/p>\n<p>Takuu 3 vuotta.<\/p>","protected":false},"excerpt":{"rendered":"<p>llmavan oloinen, moderni taivutetuoli.<\/p>\n<p><strong>Toimitusaika 3 arkip\u00e4iv\u00e4\u00e4<\/strong><\/p>","protected":false},"featured_media":1215,"template":"","meta":[],"product_brand":[],"product_cat":[30,27],"product_tag":[],"class_list":{"0":"post-859","1":"product","2":"type-product","3":"status-publish","4":"has-post-thumbnail","6":"product_cat-asiakas-baari-ja-neuvottelutuolit","7":"product_cat-uudet-kalusteet","8":"product_shipping_class-hintaryhma-1","10":"first","11":"onbackorder","12":"taxable","13":"shipping-taxable","14":"purchasable","15":"product-type-simple"},"_links":{"self":[{"href":"https:\/\/ouluntoimistokaluste.fi\/en\/wp-json\/wp\/v2\/product\/859","targetHints":{"allow":["GET"]}}],"collection":[{"href":"https:\/\/ouluntoimistokaluste.fi\/en\/wp-json\/wp\/v2\/product"}],"about":[{"href":"https:\/\/ouluntoimistokaluste.fi\/en\/wp-json\/wp\/v2\/types\/product"}],"wp:featuredmedia":[{"embeddable":true,"href":"https:\/\/ouluntoimistokaluste.fi\/en\/wp-json\/wp\/v2\/media\/1215"}],"wp:attachment":[{"href":"https:\/\/ouluntoimistokaluste.fi\/en\/wp-json\/wp\/v2\/media?parent=859"}],"wp:term":[{"taxonomy":"product_brand","embeddable":true,"href":"https:\/\/ouluntoimistokaluste.fi\/en\/wp-json\/wp\/v2\/product_brand?post=859"},{"taxonomy":"product_cat","embeddable":true,"href":"https:\/\/ouluntoimistokaluste.fi\/en\/wp-json\/wp\/v2\/product_cat?post=859"},{"taxonomy":"product_tag","embeddable":true,"href":"https:\/\/ouluntoimistokaluste.fi\/en\/wp-json\/wp\/v2\/product_tag?post=859"}],"curies":[{"name":"wp","href":"https:\/\/api.w.org\/{rel}","templated":true}]}}