{"id":856,"date":"2023-07-26T10:41:32","date_gmt":"2023-07-26T10:41:32","guid":{"rendered":"https:\/\/ouluntoimistokaluste.fi\/tuote\/cafe-baarituoli\/"},"modified":"2023-09-28T13:34:52","modified_gmt":"2023-09-28T13:34:52","slug":"cafe-baarituoli","status":"publish","type":"product","link":"https:\/\/ouluntoimistokaluste.fi\/en\/product\/cafe-baarituoli\/","title":{"rendered":"Cafe-baarituoli"},"content":{"rendered":"<p>Istuin taivutettu vaneri.<\/p>\n<p>Runko kromattu.<\/p>\n<p>Takuu 3 vuotta.<\/p>\n<p>Musta tai valkoinen istuin.<\/p>","protected":false},"excerpt":{"rendered":"<p>Moderni ja tyylik\u00e4s baarituoli.<\/p>\n<p><strong>Toimitusaika 3 arkip\u00e4iv\u00e4\u00e4<\/strong><\/p>","protected":false},"featured_media":1219,"template":"","meta":[],"product_brand":[],"product_cat":[30,27],"product_tag":[],"class_list":{"0":"post-856","1":"product","2":"type-product","3":"status-publish","4":"has-post-thumbnail","6":"product_cat-asiakas-baari-ja-neuvottelutuolit","7":"product_cat-uudet-kalusteet","8":"product_shipping_class-hintaryhma-1","10":"first","11":"onbackorder","12":"taxable","13":"shipping-taxable","14":"purchasable","15":"product-type-simple"},"_links":{"self":[{"href":"https:\/\/ouluntoimistokaluste.fi\/en\/wp-json\/wp\/v2\/product\/856","targetHints":{"allow":["GET"]}}],"collection":[{"href":"https:\/\/ouluntoimistokaluste.fi\/en\/wp-json\/wp\/v2\/product"}],"about":[{"href":"https:\/\/ouluntoimistokaluste.fi\/en\/wp-json\/wp\/v2\/types\/product"}],"wp:featuredmedia":[{"embeddable":true,"href":"https:\/\/ouluntoimistokaluste.fi\/en\/wp-json\/wp\/v2\/media\/1219"}],"wp:attachment":[{"href":"https:\/\/ouluntoimistokaluste.fi\/en\/wp-json\/wp\/v2\/media?parent=856"}],"wp:term":[{"taxonomy":"product_brand","embeddable":true,"href":"https:\/\/ouluntoimistokaluste.fi\/en\/wp-json\/wp\/v2\/product_brand?post=856"},{"taxonomy":"product_cat","embeddable":true,"href":"https:\/\/ouluntoimistokaluste.fi\/en\/wp-json\/wp\/v2\/product_cat?post=856"},{"taxonomy":"product_tag","embeddable":true,"href":"https:\/\/ouluntoimistokaluste.fi\/en\/wp-json\/wp\/v2\/product_tag?post=856"}],"curies":[{"name":"wp","href":"https:\/\/api.w.org\/{rel}","templated":true}]}}