{"id":855,"date":"2023-07-26T10:41:32","date_gmt":"2023-07-26T10:41:32","guid":{"rendered":"https:\/\/ouluntoimistokaluste.fi\/tuote\/cafe-tuoli\/"},"modified":"2023-09-28T13:37:30","modified_gmt":"2023-09-28T13:37:30","slug":"cafe-tuoli","status":"publish","type":"product","link":"https:\/\/ouluntoimistokaluste.fi\/en\/product\/cafe-tuoli\/","title":{"rendered":"Cafe-tuoli"},"content":{"rendered":"<p>Taivutettu vaneri-istuin.<\/p>\n<p>Istuimen v\u00e4rivaihtoehdot: musta, koivu, vaaleanharmaa, valkoinen, punainen.<\/p>\n<p>Saatavana my\u00f6s verhoiltuna ja k\u00e4sinojilla(pyyd\u00e4 tarjous).<\/p>\n<p>Takuu 3 vuotta.<\/p>\n<p>Pinottava (max 4 tuolia).<\/p>","protected":false},"excerpt":{"rendered":"<p>Selke\u00e4linjainen ja moderni tuoli.<\/p>\n<p><strong>Toimitusaika 3 arkip\u00e4iv\u00e4\u00e4<\/strong><\/p>","protected":false},"featured_media":1218,"template":"","meta":[],"product_brand":[],"product_cat":[30,27],"product_tag":[],"class_list":{"0":"post-855","1":"product","2":"type-product","3":"status-publish","4":"has-post-thumbnail","6":"product_cat-asiakas-baari-ja-neuvottelutuolit","7":"product_cat-uudet-kalusteet","8":"product_shipping_class-hintaryhma-1","10":"first","11":"onbackorder","12":"taxable","13":"shipping-taxable","14":"purchasable","15":"product-type-variable"},"_links":{"self":[{"href":"https:\/\/ouluntoimistokaluste.fi\/en\/wp-json\/wp\/v2\/product\/855","targetHints":{"allow":["GET"]}}],"collection":[{"href":"https:\/\/ouluntoimistokaluste.fi\/en\/wp-json\/wp\/v2\/product"}],"about":[{"href":"https:\/\/ouluntoimistokaluste.fi\/en\/wp-json\/wp\/v2\/types\/product"}],"wp:featuredmedia":[{"embeddable":true,"href":"https:\/\/ouluntoimistokaluste.fi\/en\/wp-json\/wp\/v2\/media\/1218"}],"wp:attachment":[{"href":"https:\/\/ouluntoimistokaluste.fi\/en\/wp-json\/wp\/v2\/media?parent=855"}],"wp:term":[{"taxonomy":"product_brand","embeddable":true,"href":"https:\/\/ouluntoimistokaluste.fi\/en\/wp-json\/wp\/v2\/product_brand?post=855"},{"taxonomy":"product_cat","embeddable":true,"href":"https:\/\/ouluntoimistokaluste.fi\/en\/wp-json\/wp\/v2\/product_cat?post=855"},{"taxonomy":"product_tag","embeddable":true,"href":"https:\/\/ouluntoimistokaluste.fi\/en\/wp-json\/wp\/v2\/product_tag?post=855"}],"curies":[{"name":"wp","href":"https:\/\/api.w.org\/{rel}","templated":true}]}}