{"id":854,"date":"2023-07-26T10:41:32","date_gmt":"2023-07-26T10:41:32","guid":{"rendered":"https:\/\/ouluntoimistokaluste.fi\/tuote\/sally-tuoli\/"},"modified":"2023-11-03T07:41:01","modified_gmt":"2023-11-03T07:41:01","slug":"sally-tuoli","status":"publish","type":"product","link":"https:\/\/ouluntoimistokaluste.fi\/en\/product\/sally-tuoli\/","title":{"rendered":"Sally-tuoli"},"content":{"rendered":"<p>Istuin ja selk\u00e4noja musta tai valkoinen laminaatti.<\/p>\n<p>Runko harmaa<\/p>\n<p>Takuu 2 vuotta.<\/p>\n<p>Pinottava (max 8 tuolia).<\/p>","protected":false},"excerpt":{"rendered":"<p>Perinteinen asiakastuoli.<\/p>\n<p><strong>Toimitusaika 3 arkip\u00e4iv\u00e4\u00e4<\/strong><\/p>","protected":false},"featured_media":1214,"template":"","meta":[],"product_brand":[],"product_cat":[30,27],"product_tag":[],"class_list":{"0":"post-854","1":"product","2":"type-product","3":"status-publish","4":"has-post-thumbnail","6":"product_cat-asiakas-baari-ja-neuvottelutuolit","7":"product_cat-uudet-kalusteet","8":"product_shipping_class-hintaryhma-1","10":"first","11":"onbackorder","12":"taxable","13":"shipping-taxable","14":"purchasable","15":"product-type-variable"},"_links":{"self":[{"href":"https:\/\/ouluntoimistokaluste.fi\/en\/wp-json\/wp\/v2\/product\/854","targetHints":{"allow":["GET"]}}],"collection":[{"href":"https:\/\/ouluntoimistokaluste.fi\/en\/wp-json\/wp\/v2\/product"}],"about":[{"href":"https:\/\/ouluntoimistokaluste.fi\/en\/wp-json\/wp\/v2\/types\/product"}],"wp:featuredmedia":[{"embeddable":true,"href":"https:\/\/ouluntoimistokaluste.fi\/en\/wp-json\/wp\/v2\/media\/1214"}],"wp:attachment":[{"href":"https:\/\/ouluntoimistokaluste.fi\/en\/wp-json\/wp\/v2\/media?parent=854"}],"wp:term":[{"taxonomy":"product_brand","embeddable":true,"href":"https:\/\/ouluntoimistokaluste.fi\/en\/wp-json\/wp\/v2\/product_brand?post=854"},{"taxonomy":"product_cat","embeddable":true,"href":"https:\/\/ouluntoimistokaluste.fi\/en\/wp-json\/wp\/v2\/product_cat?post=854"},{"taxonomy":"product_tag","embeddable":true,"href":"https:\/\/ouluntoimistokaluste.fi\/en\/wp-json\/wp\/v2\/product_tag?post=854"}],"curies":[{"name":"wp","href":"https:\/\/api.w.org\/{rel}","templated":true}]}}