{"id":851,"date":"2023-07-26T10:41:32","date_gmt":"2023-07-26T10:41:32","guid":{"rendered":"https:\/\/ouluntoimistokaluste.fi\/tuote\/toppe-satulatuoli\/"},"modified":"2024-02-06T14:20:00","modified_gmt":"2024-02-06T14:20:00","slug":"toppe-satulatuoli","status":"publish","type":"product","link":"https:\/\/ouluntoimistokaluste.fi\/en\/product\/toppe-satulatuoli\/","title":{"rendered":"Toppe satulatuoli"},"content":{"rendered":"<p><strong>MATERIAALIT<\/strong><br \/>\nKallistettavan istuimen pohjamateriaali on metallia, joka on pehmustettu ja verhoiltu aidolla nahalla. Jalkaristikko on alumiinia ja siin\u00e4 on kovalle lattialle soveltuvat py\u00f6r\u00e4t.<\/p>\n<p><strong>MITAT<\/strong><br \/>\nIstuimen leveys on\u00a040\u00a0cm ja syvyys 36 cm.<br \/>\nJalkaristikko:\u00a0\u00f8\u00a056\u00a0cm.<br \/>\nKorkeus (normaali): n. 57\u201376\u00a0cm.<br \/>\n<strong>TAKUU<\/strong><br \/>\n\u200bTuotteella on 2 vuoden takuu.<\/p>\n<p><strong>KANTAVUUS<\/strong><br \/>\n136 kg.<\/p>","protected":false},"excerpt":{"rendered":"<p>Mukava perustason leve\u00e4lestinen satulatuoli.<\/p>","protected":false},"featured_media":1534,"template":"","meta":[],"product_brand":[],"product_cat":[29,27],"product_tag":[],"class_list":{"0":"post-851","1":"product","2":"type-product","3":"status-publish","4":"has-post-thumbnail","6":"product_cat-satulatuolit","7":"product_cat-uudet-kalusteet","8":"product_shipping_class-hintaryhma-1","10":"first","11":"instock","12":"taxable","13":"shipping-taxable","14":"purchasable","15":"product-type-simple"},"_links":{"self":[{"href":"https:\/\/ouluntoimistokaluste.fi\/en\/wp-json\/wp\/v2\/product\/851","targetHints":{"allow":["GET"]}}],"collection":[{"href":"https:\/\/ouluntoimistokaluste.fi\/en\/wp-json\/wp\/v2\/product"}],"about":[{"href":"https:\/\/ouluntoimistokaluste.fi\/en\/wp-json\/wp\/v2\/types\/product"}],"wp:featuredmedia":[{"embeddable":true,"href":"https:\/\/ouluntoimistokaluste.fi\/en\/wp-json\/wp\/v2\/media\/1534"}],"wp:attachment":[{"href":"https:\/\/ouluntoimistokaluste.fi\/en\/wp-json\/wp\/v2\/media?parent=851"}],"wp:term":[{"taxonomy":"product_brand","embeddable":true,"href":"https:\/\/ouluntoimistokaluste.fi\/en\/wp-json\/wp\/v2\/product_brand?post=851"},{"taxonomy":"product_cat","embeddable":true,"href":"https:\/\/ouluntoimistokaluste.fi\/en\/wp-json\/wp\/v2\/product_cat?post=851"},{"taxonomy":"product_tag","embeddable":true,"href":"https:\/\/ouluntoimistokaluste.fi\/en\/wp-json\/wp\/v2\/product_tag?post=851"}],"curies":[{"name":"wp","href":"https:\/\/api.w.org\/{rel}","templated":true}]}}