{"id":5077,"date":"2026-04-30T11:21:36","date_gmt":"2026-04-30T11:21:36","guid":{"rendered":"https:\/\/ouluntoimistokaluste.fi\/?post_type=product&#038;p=5077"},"modified":"2026-04-30T11:21:44","modified_gmt":"2026-04-30T11:21:44","slug":"martela-pinta-e-sahkopoyta-160-x-80-cm","status":"publish","type":"product","link":"https:\/\/ouluntoimistokaluste.fi\/en\/product\/martela-pinta-e-sahkopoyta-160-x-80-cm\/","title":{"rendered":"Martela Pinta E-s\u00e4hk\u00f6p\u00f6yt\u00e4 160 x 80 cm"},"content":{"rendered":"<p>Kantavuus 120 kg<\/p>","protected":false},"excerpt":{"rendered":"<p>Martelan laadukas kaksimoottorinen s\u00e4hk\u00f6p\u00f6yt\u00e4. Kansi uusittu, valkoinen melamiini. Runko k\u00e4ytetty.<\/p>\n<p>Takuu 12 kk<\/p>","protected":false},"featured_media":5080,"template":"","meta":[],"product_brand":[],"product_cat":[26,38],"product_tag":[],"class_list":{"0":"post-5077","1":"product","2":"type-product","3":"status-publish","4":"has-post-thumbnail","6":"product_cat-kaytetyt-kalusteet","7":"product_cat-kaytetyt-sahkopoydat","8":"product_shipping_class-hintaryhma-4","10":"first","11":"instock","12":"taxable","13":"shipping-taxable","14":"purchasable","15":"product-type-simple"},"_links":{"self":[{"href":"https:\/\/ouluntoimistokaluste.fi\/en\/wp-json\/wp\/v2\/product\/5077","targetHints":{"allow":["GET"]}}],"collection":[{"href":"https:\/\/ouluntoimistokaluste.fi\/en\/wp-json\/wp\/v2\/product"}],"about":[{"href":"https:\/\/ouluntoimistokaluste.fi\/en\/wp-json\/wp\/v2\/types\/product"}],"wp:featuredmedia":[{"embeddable":true,"href":"https:\/\/ouluntoimistokaluste.fi\/en\/wp-json\/wp\/v2\/media\/5080"}],"wp:attachment":[{"href":"https:\/\/ouluntoimistokaluste.fi\/en\/wp-json\/wp\/v2\/media?parent=5077"}],"wp:term":[{"taxonomy":"product_brand","embeddable":true,"href":"https:\/\/ouluntoimistokaluste.fi\/en\/wp-json\/wp\/v2\/product_brand?post=5077"},{"taxonomy":"product_cat","embeddable":true,"href":"https:\/\/ouluntoimistokaluste.fi\/en\/wp-json\/wp\/v2\/product_cat?post=5077"},{"taxonomy":"product_tag","embeddable":true,"href":"https:\/\/ouluntoimistokaluste.fi\/en\/wp-json\/wp\/v2\/product_tag?post=5077"}],"curies":[{"name":"wp","href":"https:\/\/api.w.org\/{rel}","templated":true}]}}