{"id":5070,"date":"2026-04-27T11:45:38","date_gmt":"2026-04-27T11:45:38","guid":{"rendered":"https:\/\/ouluntoimistokaluste.fi\/?post_type=product&#038;p=5070"},"modified":"2026-04-27T11:45:46","modified_gmt":"2026-04-27T11:45:46","slug":"martela-pinta-e-sahkopoyta-140-x-140-cm","status":"publish","type":"product","link":"https:\/\/ouluntoimistokaluste.fi\/en\/product\/martela-pinta-e-sahkopoyta-140-x-140-cm\/","title":{"rendered":"Martela Pinta E s\u00e4hk\u00f6p\u00f6yt\u00e4 140 x 140 cm"},"content":{"rendered":"<p>Kaksimoottorinen<\/p>","protected":false},"excerpt":{"rendered":"<p>Martelan laadukas s\u00e4hk\u00f6p\u00f6yt\u00e4malli kulmakannella. Kannen v\u00e4ri py\u00f6kki.<\/p>\n<p>Takuu 12 kk<\/p>","protected":false},"featured_media":5072,"template":"","meta":[],"product_brand":[],"product_cat":[26,38],"product_tag":[],"class_list":{"0":"post-5070","1":"product","2":"type-product","3":"status-publish","4":"has-post-thumbnail","6":"product_cat-kaytetyt-kalusteet","7":"product_cat-kaytetyt-sahkopoydat","8":"product_shipping_class-hintaryhma-4","10":"first","11":"instock","12":"taxable","13":"shipping-taxable","14":"purchasable","15":"product-type-simple"},"_links":{"self":[{"href":"https:\/\/ouluntoimistokaluste.fi\/en\/wp-json\/wp\/v2\/product\/5070","targetHints":{"allow":["GET"]}}],"collection":[{"href":"https:\/\/ouluntoimistokaluste.fi\/en\/wp-json\/wp\/v2\/product"}],"about":[{"href":"https:\/\/ouluntoimistokaluste.fi\/en\/wp-json\/wp\/v2\/types\/product"}],"wp:featuredmedia":[{"embeddable":true,"href":"https:\/\/ouluntoimistokaluste.fi\/en\/wp-json\/wp\/v2\/media\/5072"}],"wp:attachment":[{"href":"https:\/\/ouluntoimistokaluste.fi\/en\/wp-json\/wp\/v2\/media?parent=5070"}],"wp:term":[{"taxonomy":"product_brand","embeddable":true,"href":"https:\/\/ouluntoimistokaluste.fi\/en\/wp-json\/wp\/v2\/product_brand?post=5070"},{"taxonomy":"product_cat","embeddable":true,"href":"https:\/\/ouluntoimistokaluste.fi\/en\/wp-json\/wp\/v2\/product_cat?post=5070"},{"taxonomy":"product_tag","embeddable":true,"href":"https:\/\/ouluntoimistokaluste.fi\/en\/wp-json\/wp\/v2\/product_tag?post=5070"}],"curies":[{"name":"wp","href":"https:\/\/api.w.org\/{rel}","templated":true}]}}