{"id":5050,"date":"2026-04-19T12:46:55","date_gmt":"2026-04-19T12:46:55","guid":{"rendered":"https:\/\/ouluntoimistokaluste.fi\/?post_type=product&#038;p=5050"},"modified":"2026-04-19T12:47:02","modified_gmt":"2026-04-19T12:47:02","slug":"martela-flyme-nojatuoli","status":"publish","type":"product","link":"https:\/\/ouluntoimistokaluste.fi\/en\/product\/martela-flyme-nojatuoli\/","title":{"rendered":"Martela Flyme nojatuoli"},"content":{"rendered":"","protected":false},"excerpt":{"rendered":"<p>Martelan ajaton design-klassikkotuoli sinisell\u00e4 verhoilulla. Py\u00f6riv\u00e4 jalusta, palauttaa tuolin alkuasentoon.<\/p>","protected":false},"featured_media":5053,"template":"","meta":[],"product_brand":[],"product_cat":[48,26],"product_tag":[],"class_list":{"0":"post-5050","1":"product","2":"type-product","3":"status-publish","4":"has-post-thumbnail","6":"product_cat-kaytetyt-asiakas-baari-ja-neuvottelutuolit","7":"product_cat-kaytetyt-kalusteet","8":"product_shipping_class-hintaryhma-4","10":"first","11":"instock","12":"taxable","13":"shipping-taxable","14":"purchasable","15":"product-type-simple"},"_links":{"self":[{"href":"https:\/\/ouluntoimistokaluste.fi\/en\/wp-json\/wp\/v2\/product\/5050","targetHints":{"allow":["GET"]}}],"collection":[{"href":"https:\/\/ouluntoimistokaluste.fi\/en\/wp-json\/wp\/v2\/product"}],"about":[{"href":"https:\/\/ouluntoimistokaluste.fi\/en\/wp-json\/wp\/v2\/types\/product"}],"wp:featuredmedia":[{"embeddable":true,"href":"https:\/\/ouluntoimistokaluste.fi\/en\/wp-json\/wp\/v2\/media\/5053"}],"wp:attachment":[{"href":"https:\/\/ouluntoimistokaluste.fi\/en\/wp-json\/wp\/v2\/media?parent=5050"}],"wp:term":[{"taxonomy":"product_brand","embeddable":true,"href":"https:\/\/ouluntoimistokaluste.fi\/en\/wp-json\/wp\/v2\/product_brand?post=5050"},{"taxonomy":"product_cat","embeddable":true,"href":"https:\/\/ouluntoimistokaluste.fi\/en\/wp-json\/wp\/v2\/product_cat?post=5050"},{"taxonomy":"product_tag","embeddable":true,"href":"https:\/\/ouluntoimistokaluste.fi\/en\/wp-json\/wp\/v2\/product_tag?post=5050"}],"curies":[{"name":"wp","href":"https:\/\/api.w.org\/{rel}","templated":true}]}}