{"id":5040,"date":"2026-04-07T12:44:23","date_gmt":"2026-04-07T12:44:23","guid":{"rendered":"https:\/\/ouluntoimistokaluste.fi\/?post_type=product&#038;p=5040"},"modified":"2026-04-07T12:44:23","modified_gmt":"2026-04-07T12:44:23","slug":"royal-tyotuoli-2","status":"publish","type":"product","link":"https:\/\/ouluntoimistokaluste.fi\/en\/product\/royal-tyotuoli-2\/","title":{"rendered":"Royal ty\u00f6tuoli"},"content":{"rendered":"<p>Uusitut osat: korkeudens\u00e4\u00e4d\u00f6n kaasujousi, renkaat<\/p>\n<p>Verhoilut pesty<\/p>\n<p>Mekanismit puhdistettu<\/p>","protected":false},"excerpt":{"rendered":"<p>Monipuolinen ty\u00f6tuoli hyvill\u00e4 s\u00e4\u00e4t\u00f6ominaisuuksilla. Mm. s\u00e4\u00e4dett\u00e4v\u00e4 ristisel\u00e4ntuki.<\/p>\n<p>Takuu 12 kk<\/p>","protected":false},"featured_media":5037,"template":"","meta":[],"product_brand":[],"product_cat":[26,37],"product_tag":[],"class_list":{"0":"post-5040","1":"product","2":"type-product","3":"status-publish","4":"has-post-thumbnail","6":"product_cat-kaytetyt-kalusteet","7":"product_cat-kaytetyt-tyotuolit","8":"product_shipping_class-hintaryhma-3","10":"first","11":"instock","12":"taxable","13":"shipping-taxable","14":"purchasable","15":"product-type-simple"},"_links":{"self":[{"href":"https:\/\/ouluntoimistokaluste.fi\/en\/wp-json\/wp\/v2\/product\/5040","targetHints":{"allow":["GET"]}}],"collection":[{"href":"https:\/\/ouluntoimistokaluste.fi\/en\/wp-json\/wp\/v2\/product"}],"about":[{"href":"https:\/\/ouluntoimistokaluste.fi\/en\/wp-json\/wp\/v2\/types\/product"}],"wp:featuredmedia":[{"embeddable":true,"href":"https:\/\/ouluntoimistokaluste.fi\/en\/wp-json\/wp\/v2\/media\/5037"}],"wp:attachment":[{"href":"https:\/\/ouluntoimistokaluste.fi\/en\/wp-json\/wp\/v2\/media?parent=5040"}],"wp:term":[{"taxonomy":"product_brand","embeddable":true,"href":"https:\/\/ouluntoimistokaluste.fi\/en\/wp-json\/wp\/v2\/product_brand?post=5040"},{"taxonomy":"product_cat","embeddable":true,"href":"https:\/\/ouluntoimistokaluste.fi\/en\/wp-json\/wp\/v2\/product_cat?post=5040"},{"taxonomy":"product_tag","embeddable":true,"href":"https:\/\/ouluntoimistokaluste.fi\/en\/wp-json\/wp\/v2\/product_tag?post=5040"}],"curies":[{"name":"wp","href":"https:\/\/api.w.org\/{rel}","templated":true}]}}