{"id":4956,"date":"2026-02-12T14:19:06","date_gmt":"2026-02-12T14:19:06","guid":{"rendered":"https:\/\/ouluntoimistokaluste.fi\/?post_type=product&#038;p=4956"},"modified":"2026-02-12T14:19:06","modified_gmt":"2026-02-12T14:19:06","slug":"smart-esd-tyotuoli","status":"publish","type":"product","link":"https:\/\/ouluntoimistokaluste.fi\/en\/product\/smart-esd-tyotuoli\/","title":{"rendered":"Smart ESD ty\u00f6tuoli"},"content":{"rendered":"<p>Uusitut osat: korkeudens\u00e4\u00e4d\u00f6n kaasujousi, esd-renkaat<\/p>\n<p>Verhoilut pesty<\/p>\n<p>Mekanismit puhdistettu<\/p>","protected":false},"excerpt":{"rendered":"<p>Laadukas kotimainen ESD suojattu ty\u00f6tuoli harmaalla verhoilulla.<\/p>\n<p>Takuu 12kk<\/p>","protected":false},"featured_media":4953,"template":"","meta":[],"product_brand":[],"product_cat":[26,37],"product_tag":[],"class_list":{"0":"post-4956","1":"product","2":"type-product","3":"status-publish","4":"has-post-thumbnail","6":"product_cat-kaytetyt-kalusteet","7":"product_cat-kaytetyt-tyotuolit","8":"product_shipping_class-hintaryhma-3","10":"first","11":"instock","12":"taxable","13":"shipping-taxable","14":"purchasable","15":"product-type-simple"},"_links":{"self":[{"href":"https:\/\/ouluntoimistokaluste.fi\/en\/wp-json\/wp\/v2\/product\/4956","targetHints":{"allow":["GET"]}}],"collection":[{"href":"https:\/\/ouluntoimistokaluste.fi\/en\/wp-json\/wp\/v2\/product"}],"about":[{"href":"https:\/\/ouluntoimistokaluste.fi\/en\/wp-json\/wp\/v2\/types\/product"}],"wp:featuredmedia":[{"embeddable":true,"href":"https:\/\/ouluntoimistokaluste.fi\/en\/wp-json\/wp\/v2\/media\/4953"}],"wp:attachment":[{"href":"https:\/\/ouluntoimistokaluste.fi\/en\/wp-json\/wp\/v2\/media?parent=4956"}],"wp:term":[{"taxonomy":"product_brand","embeddable":true,"href":"https:\/\/ouluntoimistokaluste.fi\/en\/wp-json\/wp\/v2\/product_brand?post=4956"},{"taxonomy":"product_cat","embeddable":true,"href":"https:\/\/ouluntoimistokaluste.fi\/en\/wp-json\/wp\/v2\/product_cat?post=4956"},{"taxonomy":"product_tag","embeddable":true,"href":"https:\/\/ouluntoimistokaluste.fi\/en\/wp-json\/wp\/v2\/product_tag?post=4956"}],"curies":[{"name":"wp","href":"https:\/\/api.w.org\/{rel}","templated":true}]}}