{"id":4937,"date":"2026-02-06T13:16:51","date_gmt":"2026-02-06T13:16:51","guid":{"rendered":"https:\/\/ouluntoimistokaluste.fi\/?post_type=product&#038;p=4937"},"modified":"2026-02-11T12:06:58","modified_gmt":"2026-02-11T12:06:58","slug":"martela-axia-tyotuoli-2","status":"publish","type":"product","link":"https:\/\/ouluntoimistokaluste.fi\/en\/product\/martela-axia-tyotuoli-2\/","title":{"rendered":"Martela Axia ty\u00f6tuoli"},"content":{"rendered":"<p>Uusitut osat: korkeudens\u00e4\u00e4d\u00f6n kaasujousi, renkaat<\/p>\n<p>Verhoilut pesty<\/p>\n<p>Mekanismit puhdistettu<\/p>","protected":false},"excerpt":{"rendered":"<p>Martelan klassikkoty\u00f6tuolimalli s\u00e4\u00e4dett\u00e4v\u00e4ll\u00e4 niskatuella, ilman k\u00e4sinojia. Monipuoliset s\u00e4\u00e4d\u00f6t.<\/p>\n<p>Takuu 12 kk<\/p>","protected":false},"featured_media":4938,"template":"","meta":[],"product_brand":[],"product_cat":[26,37],"product_tag":[],"class_list":{"0":"post-4937","1":"product","2":"type-product","3":"status-publish","4":"has-post-thumbnail","6":"product_cat-kaytetyt-kalusteet","7":"product_cat-kaytetyt-tyotuolit","8":"product_shipping_class-hintaryhma-3","10":"first","11":"instock","12":"taxable","13":"shipping-taxable","14":"purchasable","15":"product-type-simple"},"_links":{"self":[{"href":"https:\/\/ouluntoimistokaluste.fi\/en\/wp-json\/wp\/v2\/product\/4937","targetHints":{"allow":["GET"]}}],"collection":[{"href":"https:\/\/ouluntoimistokaluste.fi\/en\/wp-json\/wp\/v2\/product"}],"about":[{"href":"https:\/\/ouluntoimistokaluste.fi\/en\/wp-json\/wp\/v2\/types\/product"}],"wp:featuredmedia":[{"embeddable":true,"href":"https:\/\/ouluntoimistokaluste.fi\/en\/wp-json\/wp\/v2\/media\/4938"}],"wp:attachment":[{"href":"https:\/\/ouluntoimistokaluste.fi\/en\/wp-json\/wp\/v2\/media?parent=4937"}],"wp:term":[{"taxonomy":"product_brand","embeddable":true,"href":"https:\/\/ouluntoimistokaluste.fi\/en\/wp-json\/wp\/v2\/product_brand?post=4937"},{"taxonomy":"product_cat","embeddable":true,"href":"https:\/\/ouluntoimistokaluste.fi\/en\/wp-json\/wp\/v2\/product_cat?post=4937"},{"taxonomy":"product_tag","embeddable":true,"href":"https:\/\/ouluntoimistokaluste.fi\/en\/wp-json\/wp\/v2\/product_tag?post=4937"}],"curies":[{"name":"wp","href":"https:\/\/api.w.org\/{rel}","templated":true}]}}