{"id":4922,"date":"2026-02-04T13:47:33","date_gmt":"2026-02-04T13:47:33","guid":{"rendered":"https:\/\/ouluntoimistokaluste.fi\/?post_type=product&#038;p=4922"},"modified":"2026-02-27T08:04:34","modified_gmt":"2026-02-27T08:04:34","slug":"upod-neuvottelutila-6-hengelle","status":"publish","type":"product","link":"https:\/\/ouluntoimistokaluste.fi\/en\/product\/upod-neuvottelutila-6-hengelle\/","title":{"rendered":"UPod XL"},"content":{"rendered":"<ul>\n<li>A-luokan \u00e4\u00e4nieristysluokitus (31db)<\/li>\n<li>Mitat: 220x220x230cm<\/li>\n<li>Koneellinen ilmanvaihto, s\u00e4\u00e4dett\u00e4v\u00e4 hipaisukytkimell\u00e4<\/li>\n<li>Valaistus, s\u00e4\u00e4dett\u00e4v\u00e4 hipaisukytkimell\u00e4<\/li>\n<li>Vakiov\u00e4rit: musta ja valkoinen<\/li>\n<li>Muut v\u00e4rit: Kysy vaihtoehtoja<\/li>\n<li>Hinta sis\u00e4lt\u00e4\u00e4 rahdin Manner-Suomessa<\/li>\n<li>Asennus veloitetaan erikseen<\/li>\n<li>Kysy my\u00f6s edullista leasing rahoitusta<\/li>\n<li>Toimitusaika 4 kk tilauksesta<\/li>\n<li>(kuvissa n\u00e4kyv\u00e4t kalusteet ja n\u00e4ytt\u00f6 eiv\u00e4t kuulu hintaan)<\/li>\n<\/ul>","protected":false},"excerpt":{"rendered":"<p>Yksinoikeudella Pohjois-Suomessa vain meilt\u00e4! Huippuluokan hiljainen tila mahtavilla ominaisuuksilla ja mik\u00e4 parasta, todella edulliseen hintaan. T\u00e4m\u00e4 tilava hiljainen tila soveltuu isompiinkin palavereihin jopa 6 hengelle.<\/p>\n<p>Takuu 2 vuotta<\/p>\n<p><strong>Uusi er\u00e4 tulossa 6\/2026!<\/strong><\/p>","protected":false},"featured_media":4917,"template":"","meta":[],"product_brand":[],"product_cat":[163,27],"product_tag":[],"class_list":{"0":"post-4922","1":"product","2":"type-product","3":"status-publish","4":"has-post-thumbnail","6":"product_cat-hiljaiset-tilat","7":"product_cat-uudet-kalusteet","9":"first","10":"onbackorder","11":"taxable","12":"shipping-taxable","13":"purchasable","14":"product-type-simple"},"_links":{"self":[{"href":"https:\/\/ouluntoimistokaluste.fi\/en\/wp-json\/wp\/v2\/product\/4922","targetHints":{"allow":["GET"]}}],"collection":[{"href":"https:\/\/ouluntoimistokaluste.fi\/en\/wp-json\/wp\/v2\/product"}],"about":[{"href":"https:\/\/ouluntoimistokaluste.fi\/en\/wp-json\/wp\/v2\/types\/product"}],"wp:featuredmedia":[{"embeddable":true,"href":"https:\/\/ouluntoimistokaluste.fi\/en\/wp-json\/wp\/v2\/media\/4917"}],"wp:attachment":[{"href":"https:\/\/ouluntoimistokaluste.fi\/en\/wp-json\/wp\/v2\/media?parent=4922"}],"wp:term":[{"taxonomy":"product_brand","embeddable":true,"href":"https:\/\/ouluntoimistokaluste.fi\/en\/wp-json\/wp\/v2\/product_brand?post=4922"},{"taxonomy":"product_cat","embeddable":true,"href":"https:\/\/ouluntoimistokaluste.fi\/en\/wp-json\/wp\/v2\/product_cat?post=4922"},{"taxonomy":"product_tag","embeddable":true,"href":"https:\/\/ouluntoimistokaluste.fi\/en\/wp-json\/wp\/v2\/product_tag?post=4922"}],"curies":[{"name":"wp","href":"https:\/\/api.w.org\/{rel}","templated":true}]}}