{"id":4814,"date":"2026-01-12T14:26:51","date_gmt":"2026-01-12T14:26:51","guid":{"rendered":"https:\/\/ouluntoimistokaluste.fi\/?post_type=product&#038;p=4814"},"modified":"2026-02-27T07:59:55","modified_gmt":"2026-02-27T07:59:55","slug":"tulossa-upod-puhelinkoppi","status":"publish","type":"product","link":"https:\/\/ouluntoimistokaluste.fi\/en\/product\/tulossa-upod-puhelinkoppi\/","title":{"rendered":"UPod puhelinkoppi"},"content":{"rendered":"<p>Ominaisuudet:<\/p>\n<ul>\n<li>A-luokan \u00e4\u00e4nieristysluokitus<\/li>\n<li>Alaslaskettavat renkaat helppoon siirtelyyn ilman purkua<\/li>\n<li>S\u00e4hk\u00f6s\u00e4\u00e4t\u00f6inen ty\u00f6skentelytaso muistipaikoilla<\/li>\n<li>Koneellinen ilmanvaihto, s\u00e4\u00e4dett\u00e4v\u00e4 hipaisukytkimell\u00e4<\/li>\n<li>Valaistus, s\u00e4\u00e4dett\u00e4v\u00e4 hipaisukytkimell\u00e4<\/li>\n<li>Useita v\u00e4rivaihtoehtoja<\/li>\n<\/ul>\n<p>Nyt voit tilata kopin suoralla kaupalla tai edullisella leasing sopimuksella 12- 60 kk (pyyd\u00e4 tarjous).<\/p>\n<p>&nbsp;<\/p>\n<p>Ota yhteytt\u00e4 niin kerromme lis\u00e4\u00e4!<\/p>\n<p>&nbsp;<\/p>","protected":false},"excerpt":{"rendered":"<p>Yksinoikeudella Pohjois-Suomessa vain meilt\u00e4! Huippuluokan puhelinkoppi mahtavilla ominaisuuksilla ja mik\u00e4 parasta, todella edulliseen hintaan.<\/p>\n<p>My\u00f6s isompia malleja (2-4-6 hengen) saatavilla.<\/p>\n<p><strong>Uusi er\u00e4 tulossa 6\/2026!<\/strong><\/p>","protected":false},"featured_media":4818,"template":"","meta":[],"product_brand":[],"product_cat":[163,27],"product_tag":[],"class_list":{"0":"post-4814","1":"product","2":"type-product","3":"status-publish","4":"has-post-thumbnail","6":"product_cat-hiljaiset-tilat","7":"product_cat-uudet-kalusteet","8":"product_shipping_class-hintaryhma-4","10":"first","11":"onbackorder","12":"taxable","13":"shipping-taxable","14":"purchasable","15":"product-type-simple"},"_links":{"self":[{"href":"https:\/\/ouluntoimistokaluste.fi\/en\/wp-json\/wp\/v2\/product\/4814","targetHints":{"allow":["GET"]}}],"collection":[{"href":"https:\/\/ouluntoimistokaluste.fi\/en\/wp-json\/wp\/v2\/product"}],"about":[{"href":"https:\/\/ouluntoimistokaluste.fi\/en\/wp-json\/wp\/v2\/types\/product"}],"wp:featuredmedia":[{"embeddable":true,"href":"https:\/\/ouluntoimistokaluste.fi\/en\/wp-json\/wp\/v2\/media\/4818"}],"wp:attachment":[{"href":"https:\/\/ouluntoimistokaluste.fi\/en\/wp-json\/wp\/v2\/media?parent=4814"}],"wp:term":[{"taxonomy":"product_brand","embeddable":true,"href":"https:\/\/ouluntoimistokaluste.fi\/en\/wp-json\/wp\/v2\/product_brand?post=4814"},{"taxonomy":"product_cat","embeddable":true,"href":"https:\/\/ouluntoimistokaluste.fi\/en\/wp-json\/wp\/v2\/product_cat?post=4814"},{"taxonomy":"product_tag","embeddable":true,"href":"https:\/\/ouluntoimistokaluste.fi\/en\/wp-json\/wp\/v2\/product_tag?post=4814"}],"curies":[{"name":"wp","href":"https:\/\/api.w.org\/{rel}","templated":true}]}}