{"id":4772,"date":"2025-12-22T13:47:13","date_gmt":"2025-12-22T13:47:13","guid":{"rendered":"https:\/\/ouluntoimistokaluste.fi\/?post_type=product&#038;p=4772"},"modified":"2026-03-19T12:08:05","modified_gmt":"2026-03-19T12:08:05","slug":"kinnarps-6000-tyotuoli-uv-3","status":"publish","type":"product","link":"https:\/\/ouluntoimistokaluste.fi\/en\/product\/kinnarps-6000-tyotuoli-uv-3\/","title":{"rendered":"Kinnarps 6000 ty\u00f6tuoli (UV)"},"content":{"rendered":"<p>Uusitut osat: korkeudens\u00e4\u00e4d\u00f6n kaasujousi, renkaat, kangas<\/p>\n<p>Mekanismit puhdistettu<\/p>","protected":false},"excerpt":{"rendered":"<p>Ruotsalainen laatutuoli uudelleen verhoiltuna, 150 000 martindale, musta. Monipuoliset s\u00e4\u00e4d\u00f6t. Korkea selk\u00e4noja.<\/p>\n<p>Yli 2 milj. kpl myytyn\u00e4 maailmanlaajuisesti.<\/p>\n<p>Takuu 12 kk<\/p>","protected":false},"featured_media":4773,"template":"","meta":[],"product_brand":[],"product_cat":[26,37],"product_tag":[],"class_list":{"0":"post-4772","1":"product","2":"type-product","3":"status-publish","4":"has-post-thumbnail","6":"product_cat-kaytetyt-kalusteet","7":"product_cat-kaytetyt-tyotuolit","8":"product_shipping_class-hintaryhma-3","10":"first","11":"instock","12":"sale","13":"taxable","14":"shipping-taxable","15":"purchasable","16":"product-type-simple"},"_links":{"self":[{"href":"https:\/\/ouluntoimistokaluste.fi\/en\/wp-json\/wp\/v2\/product\/4772","targetHints":{"allow":["GET"]}}],"collection":[{"href":"https:\/\/ouluntoimistokaluste.fi\/en\/wp-json\/wp\/v2\/product"}],"about":[{"href":"https:\/\/ouluntoimistokaluste.fi\/en\/wp-json\/wp\/v2\/types\/product"}],"wp:featuredmedia":[{"embeddable":true,"href":"https:\/\/ouluntoimistokaluste.fi\/en\/wp-json\/wp\/v2\/media\/4773"}],"wp:attachment":[{"href":"https:\/\/ouluntoimistokaluste.fi\/en\/wp-json\/wp\/v2\/media?parent=4772"}],"wp:term":[{"taxonomy":"product_brand","embeddable":true,"href":"https:\/\/ouluntoimistokaluste.fi\/en\/wp-json\/wp\/v2\/product_brand?post=4772"},{"taxonomy":"product_cat","embeddable":true,"href":"https:\/\/ouluntoimistokaluste.fi\/en\/wp-json\/wp\/v2\/product_cat?post=4772"},{"taxonomy":"product_tag","embeddable":true,"href":"https:\/\/ouluntoimistokaluste.fi\/en\/wp-json\/wp\/v2\/product_tag?post=4772"}],"curies":[{"name":"wp","href":"https:\/\/api.w.org\/{rel}","templated":true}]}}