{"id":4769,"date":"2025-12-22T13:40:13","date_gmt":"2025-12-22T13:40:13","guid":{"rendered":"https:\/\/ouluntoimistokaluste.fi\/?post_type=product&#038;p=4769"},"modified":"2025-12-22T13:40:13","modified_gmt":"2025-12-22T13:40:13","slug":"pystynaulakko-3","status":"publish","type":"product","link":"https:\/\/ouluntoimistokaluste.fi\/en\/product\/pystynaulakko-3\/","title":{"rendered":"Pystynaulakko"},"content":{"rendered":"","protected":false},"excerpt":{"rendered":"<p>Tyylik\u00e4s pystynaulakko toimistok\u00e4ytt\u00f6\u00f6n.<\/p>","protected":false},"featured_media":4759,"template":"","meta":[],"product_brand":[],"product_cat":[26,94],"product_tag":[],"class_list":{"0":"post-4769","1":"product","2":"type-product","3":"status-publish","4":"has-post-thumbnail","6":"product_cat-kaytetyt-kalusteet","7":"product_cat-kaytetyt-muut-tuotteet","8":"product_shipping_class-hintaryhma-2","10":"first","11":"instock","12":"taxable","13":"shipping-taxable","14":"purchasable","15":"product-type-simple"},"_links":{"self":[{"href":"https:\/\/ouluntoimistokaluste.fi\/en\/wp-json\/wp\/v2\/product\/4769","targetHints":{"allow":["GET"]}}],"collection":[{"href":"https:\/\/ouluntoimistokaluste.fi\/en\/wp-json\/wp\/v2\/product"}],"about":[{"href":"https:\/\/ouluntoimistokaluste.fi\/en\/wp-json\/wp\/v2\/types\/product"}],"wp:featuredmedia":[{"embeddable":true,"href":"https:\/\/ouluntoimistokaluste.fi\/en\/wp-json\/wp\/v2\/media\/4759"}],"wp:attachment":[{"href":"https:\/\/ouluntoimistokaluste.fi\/en\/wp-json\/wp\/v2\/media?parent=4769"}],"wp:term":[{"taxonomy":"product_brand","embeddable":true,"href":"https:\/\/ouluntoimistokaluste.fi\/en\/wp-json\/wp\/v2\/product_brand?post=4769"},{"taxonomy":"product_cat","embeddable":true,"href":"https:\/\/ouluntoimistokaluste.fi\/en\/wp-json\/wp\/v2\/product_cat?post=4769"},{"taxonomy":"product_tag","embeddable":true,"href":"https:\/\/ouluntoimistokaluste.fi\/en\/wp-json\/wp\/v2\/product_tag?post=4769"}],"curies":[{"name":"wp","href":"https:\/\/api.w.org\/{rel}","templated":true}]}}