{"id":4710,"date":"2025-11-27T09:22:54","date_gmt":"2025-11-27T09:22:54","guid":{"rendered":"https:\/\/ouluntoimistokaluste.fi\/?post_type=product&#038;p=4710"},"modified":"2025-11-27T09:22:54","modified_gmt":"2025-11-27T09:22:54","slug":"martela-sahkopoyta-140-x-140-cm","status":"publish","type":"product","link":"https:\/\/ouluntoimistokaluste.fi\/en\/product\/martela-sahkopoyta-140-x-140-cm\/","title":{"rendered":"Martela s\u00e4hk\u00f6p\u00f6yt\u00e4 140 x 140 cm"},"content":{"rendered":"","protected":false},"excerpt":{"rendered":"<p>Martelan monipuolinen s\u00e4hk\u00f6p\u00f6yt\u00e4malli s\u00e4\u00e4dett\u00e4v\u00e4ll\u00e4 monitoritasolla. Kaksimoottorinen.<\/p>\n<p>Takuu 12 kk<\/p>","protected":false},"featured_media":4706,"template":"","meta":[],"product_brand":[],"product_cat":[26,38],"product_tag":[],"class_list":{"0":"post-4710","1":"product","2":"type-product","3":"status-publish","4":"has-post-thumbnail","6":"product_cat-kaytetyt-kalusteet","7":"product_cat-kaytetyt-sahkopoydat","8":"product_shipping_class-hintaryhma-4","10":"first","11":"instock","12":"taxable","13":"shipping-taxable","14":"purchasable","15":"product-type-simple"},"_links":{"self":[{"href":"https:\/\/ouluntoimistokaluste.fi\/en\/wp-json\/wp\/v2\/product\/4710","targetHints":{"allow":["GET"]}}],"collection":[{"href":"https:\/\/ouluntoimistokaluste.fi\/en\/wp-json\/wp\/v2\/product"}],"about":[{"href":"https:\/\/ouluntoimistokaluste.fi\/en\/wp-json\/wp\/v2\/types\/product"}],"wp:featuredmedia":[{"embeddable":true,"href":"https:\/\/ouluntoimistokaluste.fi\/en\/wp-json\/wp\/v2\/media\/4706"}],"wp:attachment":[{"href":"https:\/\/ouluntoimistokaluste.fi\/en\/wp-json\/wp\/v2\/media?parent=4710"}],"wp:term":[{"taxonomy":"product_brand","embeddable":true,"href":"https:\/\/ouluntoimistokaluste.fi\/en\/wp-json\/wp\/v2\/product_brand?post=4710"},{"taxonomy":"product_cat","embeddable":true,"href":"https:\/\/ouluntoimistokaluste.fi\/en\/wp-json\/wp\/v2\/product_cat?post=4710"},{"taxonomy":"product_tag","embeddable":true,"href":"https:\/\/ouluntoimistokaluste.fi\/en\/wp-json\/wp\/v2\/product_tag?post=4710"}],"curies":[{"name":"wp","href":"https:\/\/api.w.org\/{rel}","templated":true}]}}