{"id":4673,"date":"2025-11-19T13:56:20","date_gmt":"2025-11-19T13:56:20","guid":{"rendered":"https:\/\/ouluntoimistokaluste.fi\/?post_type=product&#038;p=4673"},"modified":"2025-11-19T13:56:20","modified_gmt":"2025-11-19T13:56:20","slug":"kab-k4-premium-valvomotuoli","status":"publish","type":"product","link":"https:\/\/ouluntoimistokaluste.fi\/en\/product\/kab-k4-premium-valvomotuoli\/","title":{"rendered":"Kab K4 Premium-valvomotuoli"},"content":{"rendered":"<p>Takuu normaalik\u00e4yt\u00f6ss\u00e4 5 vuotta<\/p>\n<p>Takuu 24\/7 k\u00e4yt\u00f6ss\u00e4 2 vuotta<\/p>\n<p>Painoraja 200 kg<\/p>\n<table>\n<thead>\n<tr>\n<th>Ominaisuus<\/th>\n<th>Kuvaus<\/th>\n<\/tr>\n<\/thead>\n<tbody>\n<tr>\n<td><strong>K\u00e4ytt\u00f6<\/strong><\/td>\n<td>Suunniteltu 24\/7 valvomok\u00e4ytt\u00f6\u00f6n, kest\u00e4\u00e4 jatkuvaa kuormitusta<\/td>\n<\/tr>\n<tr>\n<td><strong>Istuinkorkeus<\/strong><\/td>\n<td>S\u00e4\u00e4dett\u00e4viss\u00e4 460\u2013560 mm<\/td>\n<\/tr>\n<tr>\n<td><strong>Istuinsyvyys<\/strong><\/td>\n<td>S\u00e4\u00e4dett\u00e4viss\u00e4 0\u201350 mm, sopii eri pituisille k\u00e4ytt\u00e4jille<\/td>\n<\/tr>\n<tr>\n<td><strong>Keinumekanismi<\/strong><\/td>\n<td>Painon mukaan s\u00e4\u00e4tyv\u00e4, lukittavissa<\/td>\n<\/tr>\n<tr>\n<td><strong>Selk\u00e4noja<\/strong><\/td>\n<td>Korkea selk\u00e4noja, ergonomisesti muotoiltu, ilmat\u00e4ytteinen ristisel\u00e4ntuki<\/td>\n<\/tr>\n<tr>\n<td><strong>Niskatuki<\/strong><\/td>\n<td>Monipuolisesti s\u00e4\u00e4dett\u00e4v\u00e4<\/td>\n<\/tr>\n<tr>\n<td><strong>Kallistus<\/strong><\/td>\n<td>Istuimen ja selk\u00e4nojan kallistuskulma s\u00e4\u00e4dett\u00e4viss\u00e4<\/td>\n<\/tr>\n<tr>\n<td><strong>K\u00e4sinojat<\/strong><\/td>\n<td>Kallistuksens\u00e4\u00e4t\u00f6<\/td>\n<\/tr>\n<tr>\n<td><strong>Verhoilu<\/strong><\/td>\n<td>Saatavilla kest\u00e4v\u00e4ss\u00e4 kangasverhoilussa (Havanna Xtreme, Fighter) tai mustassa nahassa<\/td>\n<\/tr>\n<tr>\n<td><strong>Runko<\/strong><\/td>\n<td>Robottihitsattu ter\u00e4srunko, eritt\u00e4in kest\u00e4v\u00e4<\/td>\n<\/tr>\n<tr>\n<td><strong>Lis\u00e4ominaisuudet<\/strong><\/td>\n<td>K\u00e4yt\u00e4nn\u00f6lliset taskut esim. puhelimelle tai toimistotarvikkeille<\/td>\n<\/tr>\n<tr>\n<td><strong>Kantavuus<\/strong><\/td>\n<td>Suunniteltu raskaaseen k\u00e4ytt\u00f6\u00f6n, pitk\u00e4ik\u00e4inen rakenne<\/td>\n<\/tr>\n<\/tbody>\n<\/table>","protected":false},"excerpt":{"rendered":"<p><strong>KAB K4 -valvomotuoli<\/strong> on suunniteltu ymp\u00e4rivuorokautiseen k\u00e4ytt\u00f6\u00f6n vaativissa ty\u00f6ymp\u00e4rist\u00f6iss\u00e4, kuten valvomoissa, operointikeskuksissa ja toimistoissa. Se yhdist\u00e4\u00e4 <strong>modernin ergonomisen muotoilun, monipuoliset s\u00e4\u00e4t\u00f6ominaisuudet ja poikkeuksellisen kest\u00e4vyyden<\/strong>, mik\u00e4 tekee siit\u00e4 erinomaisen valinnan k\u00e4ytt\u00e4jille, jotka viett\u00e4v\u00e4t pitki\u00e4 aikoja istuen.<\/p>","protected":false},"featured_media":4674,"template":"","meta":[],"product_brand":[],"product_cat":[25,27],"product_tag":[],"class_list":{"0":"post-4673","1":"product","2":"type-product","3":"status-publish","4":"has-post-thumbnail","6":"product_cat-tyotuolit","7":"product_cat-uudet-kalusteet","9":"first","10":"onbackorder","11":"taxable","12":"shipping-taxable","13":"purchasable","14":"product-type-variable"},"_links":{"self":[{"href":"https:\/\/ouluntoimistokaluste.fi\/en\/wp-json\/wp\/v2\/product\/4673","targetHints":{"allow":["GET"]}}],"collection":[{"href":"https:\/\/ouluntoimistokaluste.fi\/en\/wp-json\/wp\/v2\/product"}],"about":[{"href":"https:\/\/ouluntoimistokaluste.fi\/en\/wp-json\/wp\/v2\/types\/product"}],"wp:featuredmedia":[{"embeddable":true,"href":"https:\/\/ouluntoimistokaluste.fi\/en\/wp-json\/wp\/v2\/media\/4674"}],"wp:attachment":[{"href":"https:\/\/ouluntoimistokaluste.fi\/en\/wp-json\/wp\/v2\/media?parent=4673"}],"wp:term":[{"taxonomy":"product_brand","embeddable":true,"href":"https:\/\/ouluntoimistokaluste.fi\/en\/wp-json\/wp\/v2\/product_brand?post=4673"},{"taxonomy":"product_cat","embeddable":true,"href":"https:\/\/ouluntoimistokaluste.fi\/en\/wp-json\/wp\/v2\/product_cat?post=4673"},{"taxonomy":"product_tag","embeddable":true,"href":"https:\/\/ouluntoimistokaluste.fi\/en\/wp-json\/wp\/v2\/product_tag?post=4673"}],"curies":[{"name":"wp","href":"https:\/\/api.w.org\/{rel}","templated":true}]}}