{"id":4623,"date":"2025-11-05T14:36:06","date_gmt":"2025-11-05T14:36:06","guid":{"rendered":"https:\/\/ouluntoimistokaluste.fi\/?post_type=product&#038;p=4623"},"modified":"2025-11-05T14:36:06","modified_gmt":"2025-11-05T14:36:06","slug":"puinen-tilanjakaja-160-x-160-cm","status":"publish","type":"product","link":"https:\/\/ouluntoimistokaluste.fi\/en\/product\/puinen-tilanjakaja-160-x-160-cm\/","title":{"rendered":"Puinen tilanjakaja 160 x 160 cm"},"content":{"rendered":"","protected":false},"excerpt":{"rendered":"<p>Tyylik\u00e4s sermi toimistok\u00e4ytt\u00f6\u00f6n.<\/p>","protected":false},"featured_media":4620,"template":"","meta":[],"product_brand":[],"product_cat":[26,39],"product_tag":[],"class_list":{"0":"post-4623","1":"product","2":"type-product","3":"status-publish","4":"has-post-thumbnail","6":"product_cat-kaytetyt-kalusteet","7":"product_cat-kaytetyt-seinakkeet","8":"product_shipping_class-hintaryhma-3","10":"first","11":"instock","12":"taxable","13":"shipping-taxable","14":"purchasable","15":"product-type-simple"},"_links":{"self":[{"href":"https:\/\/ouluntoimistokaluste.fi\/en\/wp-json\/wp\/v2\/product\/4623","targetHints":{"allow":["GET"]}}],"collection":[{"href":"https:\/\/ouluntoimistokaluste.fi\/en\/wp-json\/wp\/v2\/product"}],"about":[{"href":"https:\/\/ouluntoimistokaluste.fi\/en\/wp-json\/wp\/v2\/types\/product"}],"wp:featuredmedia":[{"embeddable":true,"href":"https:\/\/ouluntoimistokaluste.fi\/en\/wp-json\/wp\/v2\/media\/4620"}],"wp:attachment":[{"href":"https:\/\/ouluntoimistokaluste.fi\/en\/wp-json\/wp\/v2\/media?parent=4623"}],"wp:term":[{"taxonomy":"product_brand","embeddable":true,"href":"https:\/\/ouluntoimistokaluste.fi\/en\/wp-json\/wp\/v2\/product_brand?post=4623"},{"taxonomy":"product_cat","embeddable":true,"href":"https:\/\/ouluntoimistokaluste.fi\/en\/wp-json\/wp\/v2\/product_cat?post=4623"},{"taxonomy":"product_tag","embeddable":true,"href":"https:\/\/ouluntoimistokaluste.fi\/en\/wp-json\/wp\/v2\/product_tag?post=4623"}],"curies":[{"name":"wp","href":"https:\/\/api.w.org\/{rel}","templated":true}]}}