{"id":4564,"date":"2025-10-26T19:09:24","date_gmt":"2025-10-26T19:09:24","guid":{"rendered":"https:\/\/ouluntoimistokaluste.fi\/?post_type=product&#038;p=4564"},"modified":"2025-10-26T19:09:24","modified_gmt":"2025-10-26T19:09:24","slug":"trillo-20st-neuvottelutuoli","status":"publish","type":"product","link":"https:\/\/ouluntoimistokaluste.fi\/en\/product\/trillo-20st-neuvottelutuoli\/","title":{"rendered":"Trillo 20ST neuvottelutuoli"},"content":{"rendered":"<p>Verhoiltu istuin<br \/>\nKaasujousella toteutettu korkeudens\u00e4\u00e4t\u00f6<br \/>\nKeinumekanismi lukittavissa kahteen asentoon; vaakataso sek\u00e4 taakse<br \/>\nPehme\u00e4t PU-py\u00f6r\u00e4t koville lattiapinnoille<\/p>\n<p>Mitat:<br \/>\nJalkaristikon halkaisija: 68 cm<br \/>\nIstuimen korkeus: 43-56 cm<br \/>\nIstuimen leveys: 49 cm<br \/>\nIstuimen syvyys: 44 cm<br \/>\nSelk\u00e4nojan korkeus: 46 cm<\/p>\n<p>Verhoilukangas:<br \/>\nHarmaa (NX-14) 100 000 martindale<\/p>\n<p>HUOM! Tuote toimitetaan osina laatikossa.<\/p>","protected":false},"excerpt":{"rendered":"<p>Trillo neuvottelutuoli \u2013 moderni ja kevyt mukavuuden mestari<\/p>\n<p>Trillo-neuvottelutuoli yhdist\u00e4\u00e4 selke\u00e4n, nykyaikaisen muotoilun ja k\u00e4yt\u00e4nn\u00f6llisen istuinmukavuuden. Sen joustava selk\u00e4noja mukautuu istujan liikkeisiin, tarjoten luonnollisen tuen ja keveytt\u00e4 ty\u00f6p\u00e4iv\u00e4n eri hetkiin.<\/p>\n<p>Pehmustettu istuin takaa miellytt\u00e4v\u00e4n k\u00e4ytt\u00f6kokemuksen, ja kevytrakenteinen runko tuo tuoliin ilmavuutta ja tyylik\u00e4st\u00e4 minimalistisuutta. Py\u00f6rill\u00e4 varustettu viisisakarainen jalusta tekee liikkumisesta helppoa ja vaivatonta neuvottelutiloissa tai ty\u00f6pisteess\u00e4.<\/p>","protected":false},"featured_media":4565,"template":"","meta":[],"product_brand":[],"product_cat":[30,36,27],"product_tag":[],"class_list":{"0":"post-4564","1":"product","2":"type-product","3":"status-publish","4":"has-post-thumbnail","6":"product_cat-asiakas-baari-ja-neuvottelutuolit","7":"product_cat-neuvottelukalusteet","8":"product_cat-uudet-kalusteet","9":"product_shipping_class-hintaryhma-2","11":"first","12":"onbackorder","13":"taxable","14":"shipping-taxable","15":"purchasable","16":"product-type-simple"},"_links":{"self":[{"href":"https:\/\/ouluntoimistokaluste.fi\/en\/wp-json\/wp\/v2\/product\/4564","targetHints":{"allow":["GET"]}}],"collection":[{"href":"https:\/\/ouluntoimistokaluste.fi\/en\/wp-json\/wp\/v2\/product"}],"about":[{"href":"https:\/\/ouluntoimistokaluste.fi\/en\/wp-json\/wp\/v2\/types\/product"}],"wp:featuredmedia":[{"embeddable":true,"href":"https:\/\/ouluntoimistokaluste.fi\/en\/wp-json\/wp\/v2\/media\/4565"}],"wp:attachment":[{"href":"https:\/\/ouluntoimistokaluste.fi\/en\/wp-json\/wp\/v2\/media?parent=4564"}],"wp:term":[{"taxonomy":"product_brand","embeddable":true,"href":"https:\/\/ouluntoimistokaluste.fi\/en\/wp-json\/wp\/v2\/product_brand?post=4564"},{"taxonomy":"product_cat","embeddable":true,"href":"https:\/\/ouluntoimistokaluste.fi\/en\/wp-json\/wp\/v2\/product_cat?post=4564"},{"taxonomy":"product_tag","embeddable":true,"href":"https:\/\/ouluntoimistokaluste.fi\/en\/wp-json\/wp\/v2\/product_tag?post=4564"}],"curies":[{"name":"wp","href":"https:\/\/api.w.org\/{rel}","templated":true}]}}