{"id":4558,"date":"2025-10-26T18:58:09","date_gmt":"2025-10-26T18:58:09","guid":{"rendered":"https:\/\/ouluntoimistokaluste.fi\/?post_type=product&#038;p=4558"},"modified":"2025-10-26T18:58:09","modified_gmt":"2025-10-26T18:58:09","slug":"fleximum-neuvottelutuoli","status":"publish","type":"product","link":"https:\/\/ouluntoimistokaluste.fi\/en\/product\/fleximum-neuvottelutuoli\/","title":{"rendered":"Fleximum neuvottelutuoli"},"content":{"rendered":"<p>Ominaisuudet:<\/p>\n<p>Hengitt\u00e4v\u00e4 verkkoselk\u00e4 ergonomisella muotoilulla<\/p>\n<p>Pehmustettu istuinosa kest\u00e4v\u00e4ll\u00e4 kankaalla verhoiltuna (50 000 martindale)<\/p>\n<p>S\u00e4\u00e4dett\u00e4v\u00e4t k\u00e4sinojat (saatavilla my\u00f6s ilman)<\/p>\n<p>Keinutoiminto ja kallistuksen lukitus<\/p>\n<p>Korkeuss\u00e4\u00e4t\u00f6 kaasujousella<\/p>\n<p>Tukeva kromattu jalkaristikko<\/p>\n<p>Laadukkaat renkaat<\/p>","protected":false},"excerpt":{"rendered":"<p>Fleximum neuvottelutuoli \u2013 ergonomiaa ja mukavuutta ty\u00f6p\u00e4iv\u00e4\u00e4n<\/p>\n<p>Fleximum on tyylik\u00e4s ja monipuolinen neuvottelutuoli, joka yhdist\u00e4\u00e4 modernin muotoilun ja ensiluokkaisen istuinmukavuuden. Korkea, hengitt\u00e4v\u00e4 verkkoselk\u00e4 tukee selk\u00e4rankaa ja pit\u00e4\u00e4 k\u00e4ytt\u00e4j\u00e4n viile\u00e4n\u00e4 my\u00f6s pitkill\u00e4 ty\u00f6- tai neuvottelusessioilla.<\/p>\n<p>Istuinosan pehmustettu verhoilu tarjoaa optimaalisen tuen ja mukavuuden, kun taas s\u00e4\u00e4dett\u00e4v\u00e4t k\u00e4sinojat ja monipuoliset s\u00e4\u00e4t\u00f6mahdollisuudet (istuinkorkeus, keinutoiminto ja kallistuksen lukitus) mahdollistavat tuolin mukauttamisen k\u00e4ytt\u00e4j\u00e4n tarpeisiin.<\/p>\n<p>Takuu 5 vuotta<\/p>","protected":false},"featured_media":4561,"template":"","meta":[],"product_brand":[],"product_cat":[36,27],"product_tag":[],"class_list":{"0":"post-4558","1":"product","2":"type-product","3":"status-publish","4":"has-post-thumbnail","6":"product_cat-neuvottelukalusteet","7":"product_cat-uudet-kalusteet","8":"product_shipping_class-hintaryhma-3","10":"first","11":"onbackorder","12":"taxable","13":"shipping-taxable","14":"purchasable","15":"product-type-variable"},"_links":{"self":[{"href":"https:\/\/ouluntoimistokaluste.fi\/en\/wp-json\/wp\/v2\/product\/4558","targetHints":{"allow":["GET"]}}],"collection":[{"href":"https:\/\/ouluntoimistokaluste.fi\/en\/wp-json\/wp\/v2\/product"}],"about":[{"href":"https:\/\/ouluntoimistokaluste.fi\/en\/wp-json\/wp\/v2\/types\/product"}],"wp:featuredmedia":[{"embeddable":true,"href":"https:\/\/ouluntoimistokaluste.fi\/en\/wp-json\/wp\/v2\/media\/4561"}],"wp:attachment":[{"href":"https:\/\/ouluntoimistokaluste.fi\/en\/wp-json\/wp\/v2\/media?parent=4558"}],"wp:term":[{"taxonomy":"product_brand","embeddable":true,"href":"https:\/\/ouluntoimistokaluste.fi\/en\/wp-json\/wp\/v2\/product_brand?post=4558"},{"taxonomy":"product_cat","embeddable":true,"href":"https:\/\/ouluntoimistokaluste.fi\/en\/wp-json\/wp\/v2\/product_cat?post=4558"},{"taxonomy":"product_tag","embeddable":true,"href":"https:\/\/ouluntoimistokaluste.fi\/en\/wp-json\/wp\/v2\/product_tag?post=4558"}],"curies":[{"name":"wp","href":"https:\/\/api.w.org\/{rel}","templated":true}]}}