{"id":4552,"date":"2025-10-26T18:26:57","date_gmt":"2025-10-26T18:26:57","guid":{"rendered":"https:\/\/ouluntoimistokaluste.fi\/?post_type=product&#038;p=4552"},"modified":"2025-10-26T18:26:57","modified_gmt":"2025-10-26T18:26:57","slug":"stoo-walk-pad-kavelymatto-tyopoydan-aareen","status":"publish","type":"product","link":"https:\/\/ouluntoimistokaluste.fi\/en\/product\/stoo-walk-pad-kavelymatto-tyopoydan-aareen\/","title":{"rendered":"Stoo Walk Pad k\u00e4velymatto ty\u00f6p\u00f6yd\u00e4n \u00e4\u00e4reen"},"content":{"rendered":"<p>K\u00e4ytt\u00e4j\u00e4n maksimipaino 100 kg<br \/>\nTakuu 1 vuotta<br \/>\nNopeus: 1-12 km\/h<br \/>\nMaton ohjaus kaukos\u00e4\u00e4timell\u00e4<br \/>\nTuotteen koko: 120 x 50, K= 20 cm<br \/>\nMaton koko: 101 x 38 cm<br \/>\nTuotteen paino: 16 kg<br \/>\nPaketin koko: 128 x 59 x 15 cm<br \/>\nPaketin paino: 19 kg<\/p>","protected":false},"excerpt":{"rendered":"<p>Stoo\u00ae Walk Padin avulla voit ty\u00f6skennell\u00e4 samalla kun k\u00e4velet. Pitk\u00e4aikainen paikallaan istuminen kuormittaa yksipuolisesti kehoa ja passivoi lihaksia. Ty\u00f6asentojen vaihtelu, ty\u00f6n tauottaminen ja ty\u00f6p\u00e4iv\u00e4n aikana liikkuminen lievitt\u00e4v\u00e4t yksipuolisten ty\u00f6asentojen aiheuttamia oireita.<\/p>\n<p>Stoo\u00ae Walk Padilla k\u00e4vely kehitt\u00e4\u00e4 alavartalon lihaksia, vilkastuttaa verenkiertoa ja aineenvaihduntaa sek\u00e4 energian kulutusta \u2013 samalla kun ty\u00f6skentelet. K\u00e4yt\u00f6n my\u00f6t\u00e4 my\u00f6s mieli pysyy virke\u00e4mp\u00e4n\u00e4, jolloin t\u00f6iss\u00e4 jaksaa paremmin ja ty\u00f6teho nousee.<\/p>\n<p>Maton mukana tulee kaukos\u00e4\u00e4din, jolla on helppo s\u00e4\u00e4t\u00e4\u00e4 maton toimintoja ja vauhtia. Stoo\u00ae Walk Padin on t\u00e4ydellinen valinta my\u00f6s kotiin, sill\u00e4 k\u00e4yt\u00f6n j\u00e4lkeen sit\u00e4 voi k\u00e4tev\u00e4sti s\u00e4ilytt\u00e4\u00e4 s\u00e4ngyn tai sohvan alla. Tuotteen alla on py\u00f6r\u00e4t, joten mattoa on helppo ja kevyt liikuttaa.<\/p>","protected":false},"featured_media":4553,"template":"","meta":[],"product_brand":[],"product_cat":[33,27],"product_tag":[],"class_list":{"0":"post-4552","1":"product","2":"type-product","3":"status-publish","4":"has-post-thumbnail","6":"product_cat-muut-tuotteet","7":"product_cat-uudet-kalusteet","8":"product_shipping_class-hintaryhma-3","10":"first","11":"onbackorder","12":"taxable","13":"shipping-taxable","14":"purchasable","15":"product-type-simple"},"_links":{"self":[{"href":"https:\/\/ouluntoimistokaluste.fi\/en\/wp-json\/wp\/v2\/product\/4552","targetHints":{"allow":["GET"]}}],"collection":[{"href":"https:\/\/ouluntoimistokaluste.fi\/en\/wp-json\/wp\/v2\/product"}],"about":[{"href":"https:\/\/ouluntoimistokaluste.fi\/en\/wp-json\/wp\/v2\/types\/product"}],"wp:featuredmedia":[{"embeddable":true,"href":"https:\/\/ouluntoimistokaluste.fi\/en\/wp-json\/wp\/v2\/media\/4553"}],"wp:attachment":[{"href":"https:\/\/ouluntoimistokaluste.fi\/en\/wp-json\/wp\/v2\/media?parent=4552"}],"wp:term":[{"taxonomy":"product_brand","embeddable":true,"href":"https:\/\/ouluntoimistokaluste.fi\/en\/wp-json\/wp\/v2\/product_brand?post=4552"},{"taxonomy":"product_cat","embeddable":true,"href":"https:\/\/ouluntoimistokaluste.fi\/en\/wp-json\/wp\/v2\/product_cat?post=4552"},{"taxonomy":"product_tag","embeddable":true,"href":"https:\/\/ouluntoimistokaluste.fi\/en\/wp-json\/wp\/v2\/product_tag?post=4552"}],"curies":[{"name":"wp","href":"https:\/\/api.w.org\/{rel}","templated":true}]}}