{"id":4457,"date":"2025-09-08T13:22:05","date_gmt":"2025-09-08T13:22:05","guid":{"rendered":"https:\/\/ouluntoimistokaluste.fi\/?post_type=product&#038;p=4457"},"modified":"2026-03-11T14:56:47","modified_gmt":"2026-03-11T14:56:47","slug":"isku-still-light-tyotuoli-3","status":"publish","type":"product","link":"https:\/\/ouluntoimistokaluste.fi\/en\/product\/isku-still-light-tyotuoli-3\/","title":{"rendered":"Isku Still Light ty\u00f6tuoli"},"content":{"rendered":"<p>Uusitut osat: korkeudens\u00e4\u00e4d\u00f6n kaasujousi, renkaat<br \/>\nVerhoilut pesty<br \/>\nMekanismit puhdistettu<\/p>","protected":false},"excerpt":{"rendered":"<p>Iskun moderni ty\u00f6tuolimalli niskatuella. Tuolissa my\u00f6s s\u00e4\u00e4dett\u00e4v\u00e4 ristisel\u00e4ntuki.<br \/>\nTakuu 12 kk<\/p>","protected":false},"featured_media":4456,"template":"","meta":[],"product_brand":[],"product_cat":[26,37],"product_tag":[],"class_list":{"0":"post-4457","1":"product","2":"type-product","3":"status-publish","4":"has-post-thumbnail","6":"product_cat-kaytetyt-kalusteet","7":"product_cat-kaytetyt-tyotuolit","8":"product_shipping_class-hintaryhma-3","10":"first","11":"instock","12":"sale","13":"taxable","14":"shipping-taxable","15":"purchasable","16":"product-type-simple"},"_links":{"self":[{"href":"https:\/\/ouluntoimistokaluste.fi\/en\/wp-json\/wp\/v2\/product\/4457","targetHints":{"allow":["GET"]}}],"collection":[{"href":"https:\/\/ouluntoimistokaluste.fi\/en\/wp-json\/wp\/v2\/product"}],"about":[{"href":"https:\/\/ouluntoimistokaluste.fi\/en\/wp-json\/wp\/v2\/types\/product"}],"wp:featuredmedia":[{"embeddable":true,"href":"https:\/\/ouluntoimistokaluste.fi\/en\/wp-json\/wp\/v2\/media\/4456"}],"wp:attachment":[{"href":"https:\/\/ouluntoimistokaluste.fi\/en\/wp-json\/wp\/v2\/media?parent=4457"}],"wp:term":[{"taxonomy":"product_brand","embeddable":true,"href":"https:\/\/ouluntoimistokaluste.fi\/en\/wp-json\/wp\/v2\/product_brand?post=4457"},{"taxonomy":"product_cat","embeddable":true,"href":"https:\/\/ouluntoimistokaluste.fi\/en\/wp-json\/wp\/v2\/product_cat?post=4457"},{"taxonomy":"product_tag","embeddable":true,"href":"https:\/\/ouluntoimistokaluste.fi\/en\/wp-json\/wp\/v2\/product_tag?post=4457"}],"curies":[{"name":"wp","href":"https:\/\/api.w.org\/{rel}","templated":true}]}}