{"id":4123,"date":"2025-06-19T10:52:35","date_gmt":"2025-06-19T10:52:35","guid":{"rendered":"https:\/\/ouluntoimistokaluste.fi\/?post_type=product&#038;p=4123"},"modified":"2025-11-24T14:55:26","modified_gmt":"2025-11-24T14:55:26","slug":"martela-combi-seinahyllyjarjestelma","status":"publish","type":"product","link":"https:\/\/ouluntoimistokaluste.fi\/en\/product\/martela-combi-seinahyllyjarjestelma\/","title":{"rendered":"Martela Kombi sein\u00e4hyllyj\u00e4rjestelm\u00e4"},"content":{"rendered":"<p>Yhden hyllytason leveys 58 cm<br \/>\nHyllytasot vapaasti sijoiteltavissa<\/p>","protected":false},"excerpt":{"rendered":"<p>K\u00e4yt\u00e4nn\u00f6llinen s\u00e4ilytysj\u00e4rjestelm\u00e4, sis\u00e4lt\u00e4\u00e4 4 hyllytasoa + 1 vaakakiskon sek\u00e4 3 pystykiskoa.<\/p>","protected":false},"featured_media":4144,"template":"","meta":[],"product_brand":[],"product_cat":[26,41],"product_tag":[],"class_list":{"0":"post-4123","1":"product","2":"type-product","3":"status-publish","4":"has-post-thumbnail","6":"product_cat-kaytetyt-kalusteet","7":"product_cat-kaytetyt-sailyttimet","8":"product_shipping_class-hintaryhma-3","10":"first","11":"instock","12":"taxable","13":"shipping-taxable","14":"purchasable","15":"product-type-simple"},"_links":{"self":[{"href":"https:\/\/ouluntoimistokaluste.fi\/en\/wp-json\/wp\/v2\/product\/4123","targetHints":{"allow":["GET"]}}],"collection":[{"href":"https:\/\/ouluntoimistokaluste.fi\/en\/wp-json\/wp\/v2\/product"}],"about":[{"href":"https:\/\/ouluntoimistokaluste.fi\/en\/wp-json\/wp\/v2\/types\/product"}],"wp:featuredmedia":[{"embeddable":true,"href":"https:\/\/ouluntoimistokaluste.fi\/en\/wp-json\/wp\/v2\/media\/4144"}],"wp:attachment":[{"href":"https:\/\/ouluntoimistokaluste.fi\/en\/wp-json\/wp\/v2\/media?parent=4123"}],"wp:term":[{"taxonomy":"product_brand","embeddable":true,"href":"https:\/\/ouluntoimistokaluste.fi\/en\/wp-json\/wp\/v2\/product_brand?post=4123"},{"taxonomy":"product_cat","embeddable":true,"href":"https:\/\/ouluntoimistokaluste.fi\/en\/wp-json\/wp\/v2\/product_cat?post=4123"},{"taxonomy":"product_tag","embeddable":true,"href":"https:\/\/ouluntoimistokaluste.fi\/en\/wp-json\/wp\/v2\/product_tag?post=4123"}],"curies":[{"name":"wp","href":"https:\/\/api.w.org\/{rel}","templated":true}]}}