{"id":3996,"date":"2025-05-21T10:45:36","date_gmt":"2025-05-21T10:45:36","guid":{"rendered":"https:\/\/ouluntoimistokaluste.fi\/?post_type=product&#038;p=3996"},"modified":"2025-05-30T08:33:26","modified_gmt":"2025-05-30T08:33:26","slug":"ewona-acudesign-rimapaneeli-600-x-2700-mm-useita-vaihtoehtoja","status":"publish","type":"product","link":"https:\/\/ouluntoimistokaluste.fi\/en\/product\/ewona-acudesign-rimapaneeli-600-x-2700-mm-useita-vaihtoehtoja\/","title":{"rendered":"Ewona Acudesign rimapaneeli 600 x 2700 mm, useita vaihtoehtoja"},"content":{"rendered":"<p>Miksi valita Ewona-rimapaneelit?<br \/>\n<strong>Parannettu akustiikka:<\/strong> Ewona-rimapaneelit on suunniteltu tehokkaasti vaimentamaan \u00e4\u00e4nt\u00e4 ja v\u00e4hent\u00e4m\u00e4\u00e4n kaikua. T\u00e4m\u00e4 luo rauhallisemman ja keskittymist\u00e4 parantavan tilan, mik\u00e4 on ensiarvoisen t\u00e4rke\u00e4\u00e4 avokonttoreissa, neuvotteluhuoneissa ja muissa meluisissa ymp\u00e4rist\u00f6iss\u00e4.<br \/>\n<strong>Moderni ja tyylik\u00e4s ilme:<\/strong> Rimapaneelien puhdaslinjainen ja ajaton muotoilu tuo tilaan l\u00e4mp\u00f6\u00e4 ja modernia tunnelmaa. Ne sopivat saumattomasti erilaisiin sisustustyyleihin ja antavat tilaan viimeistellyn ja ammattimaisen ilmeen.<br \/>\n<strong>Monipuoliset k\u00e4ytt\u00f6kohteet:<\/strong> Ewona-rimapaneelit soveltuvat erinomaisesti niin seinien kuin kattojenkin pinnoittamiseen. Niit\u00e4 voidaan k\u00e4ytt\u00e4\u00e4 koko sein\u00e4pintojen kattamiseen tai yksitt\u00e4isin\u00e4 tehosteseinin\u00e4 luomaan visuaalista ilmett\u00e4.<br \/>\n<strong>Helppo asennus:<\/strong> Paneelien asentaminen on yksinkertaista ja nopeaa, mik\u00e4 s\u00e4\u00e4st\u00e4\u00e4 aikaa ja kustannuksia asennusvaiheessa.<br \/>\nKest\u00e4v\u00e4 ja ymp\u00e4rist\u00f6yst\u00e4v\u00e4llinen: Ewona-paneelit on valmistettu kest\u00e4vist\u00e4 ja vastuullisesti hankituista materiaaleista, ja ne ovat suunniteltu kest\u00e4m\u00e4\u00e4n pitk\u00e4\u00e4n.<br \/>\n<strong>Tuotetiedot:<\/strong><br \/>\nEwona-rimapaneelit ovat saatavilla useissa eri v\u00e4reiss\u00e4 ja puus\u00e4vyiss\u00e4, jotta l\u00f6yd\u00e4t varmasti tilaasi sopivan vaihtoehdon.<\/p>\n<p>Oulun Toimistokalusteen verkkokaupasta l\u00f6yd\u00e4t laajan valikoiman Ewona-rimapaneeleita. Tutustu valikoimaan ja luo viihtyis\u00e4mpi ja tuottavampi ty\u00f6ymp\u00e4rist\u00f6 jo t\u00e4n\u00e4\u00e4n!<\/p>","protected":false},"excerpt":{"rendered":"<p>Ewona-rimapaneelit \u2013 Akustiikkaa ja tyylikkyytt\u00e4 toimitiloihin ja kotiin<br \/>\nEwona-rimapaneelit ovat t\u00e4ydellinen ratkaisu, kun etsit sek\u00e4 akustiikkaa parantavaa ett\u00e4 tyylik\u00e4st\u00e4 sisustuselementti\u00e4 toimitiloihisi tai kotiisi. N\u00e4m\u00e4 innovatiiviset paneelit yhdist\u00e4v\u00e4t modernin muotoilun ja erinomaiset \u00e4\u00e4nt\u00e4 vaimentavat ominaisuudet, luoden miellytt\u00e4v\u00e4mm\u00e4n ja tuottavamman ty\u00f6ymp\u00e4rist\u00f6n tai viihtyis\u00e4mm\u00e4n kodin. Rima koko: 12x30mm<\/p>\n<p>Toimitusaika 1-2 viikkoa.<\/p>\n<p>Kysy tarjousta toimituksesta.<\/p>","protected":false},"featured_media":4015,"template":"","meta":[],"product_brand":[],"product_cat":[163,34,27],"product_tag":[],"class_list":{"0":"post-3996","1":"product","2":"type-product","3":"status-publish","4":"has-post-thumbnail","6":"product_cat-hiljaiset-tilat","7":"product_cat-seinakkeet","8":"product_cat-uudet-kalusteet","10":"first","11":"instock","12":"taxable","13":"shipping-taxable","14":"purchasable","15":"product-type-variable"},"_links":{"self":[{"href":"https:\/\/ouluntoimistokaluste.fi\/en\/wp-json\/wp\/v2\/product\/3996","targetHints":{"allow":["GET"]}}],"collection":[{"href":"https:\/\/ouluntoimistokaluste.fi\/en\/wp-json\/wp\/v2\/product"}],"about":[{"href":"https:\/\/ouluntoimistokaluste.fi\/en\/wp-json\/wp\/v2\/types\/product"}],"wp:featuredmedia":[{"embeddable":true,"href":"https:\/\/ouluntoimistokaluste.fi\/en\/wp-json\/wp\/v2\/media\/4015"}],"wp:attachment":[{"href":"https:\/\/ouluntoimistokaluste.fi\/en\/wp-json\/wp\/v2\/media?parent=3996"}],"wp:term":[{"taxonomy":"product_brand","embeddable":true,"href":"https:\/\/ouluntoimistokaluste.fi\/en\/wp-json\/wp\/v2\/product_brand?post=3996"},{"taxonomy":"product_cat","embeddable":true,"href":"https:\/\/ouluntoimistokaluste.fi\/en\/wp-json\/wp\/v2\/product_cat?post=3996"},{"taxonomy":"product_tag","embeddable":true,"href":"https:\/\/ouluntoimistokaluste.fi\/en\/wp-json\/wp\/v2\/product_tag?post=3996"}],"curies":[{"name":"wp","href":"https:\/\/api.w.org\/{rel}","templated":true}]}}