{"id":3957,"date":"2025-04-30T10:35:56","date_gmt":"2025-04-30T10:35:56","guid":{"rendered":"https:\/\/ouluntoimistokaluste.fi\/?post_type=product&#038;p=3957"},"modified":"2025-08-01T06:51:09","modified_gmt":"2025-08-01T06:51:09","slug":"martela-frendi-nojatuoli-renkailla","status":"publish","type":"product","link":"https:\/\/ouluntoimistokaluste.fi\/en\/product\/martela-frendi-nojatuoli-renkailla\/","title":{"rendered":"Martela Frendi nojatuoli renkailla"},"content":{"rendered":"<p>Kest\u00e4v\u00e4 ja laadukas: Martela on suomalainen laatumerkki, jonka tuotteet on suunniteltu kest\u00e4m\u00e4\u00e4n aktiivista k\u00e4ytt\u00f6\u00e4. <\/p>","protected":false},"excerpt":{"rendered":"<p>Tarjoa ty\u00f6ntekij\u00f6illesi ja vierailijoillesi rentouttava ja tyylik\u00e4s istumakokemus Martela Frendi -nojatuolilla. T\u00e4m\u00e4 ajaton ja kest\u00e4v\u00e4 nojatuoli on suunniteltu tuomaan mukavuutta ja visuaalista ilmett\u00e4 yrityksesi tiloihin.<\/p>","protected":false},"featured_media":3954,"template":"","meta":[],"product_brand":[],"product_cat":[48,26],"product_tag":[],"class_list":{"0":"post-3957","1":"product","2":"type-product","3":"status-publish","4":"has-post-thumbnail","6":"product_cat-kaytetyt-asiakas-baari-ja-neuvottelutuolit","7":"product_cat-kaytetyt-kalusteet","8":"product_shipping_class-hintaryhma-3","10":"first","11":"instock","12":"taxable","13":"shipping-taxable","14":"purchasable","15":"product-type-simple"},"_links":{"self":[{"href":"https:\/\/ouluntoimistokaluste.fi\/en\/wp-json\/wp\/v2\/product\/3957","targetHints":{"allow":["GET"]}}],"collection":[{"href":"https:\/\/ouluntoimistokaluste.fi\/en\/wp-json\/wp\/v2\/product"}],"about":[{"href":"https:\/\/ouluntoimistokaluste.fi\/en\/wp-json\/wp\/v2\/types\/product"}],"wp:featuredmedia":[{"embeddable":true,"href":"https:\/\/ouluntoimistokaluste.fi\/en\/wp-json\/wp\/v2\/media\/3954"}],"wp:attachment":[{"href":"https:\/\/ouluntoimistokaluste.fi\/en\/wp-json\/wp\/v2\/media?parent=3957"}],"wp:term":[{"taxonomy":"product_brand","embeddable":true,"href":"https:\/\/ouluntoimistokaluste.fi\/en\/wp-json\/wp\/v2\/product_brand?post=3957"},{"taxonomy":"product_cat","embeddable":true,"href":"https:\/\/ouluntoimistokaluste.fi\/en\/wp-json\/wp\/v2\/product_cat?post=3957"},{"taxonomy":"product_tag","embeddable":true,"href":"https:\/\/ouluntoimistokaluste.fi\/en\/wp-json\/wp\/v2\/product_tag?post=3957"}],"curies":[{"name":"wp","href":"https:\/\/api.w.org\/{rel}","templated":true}]}}