{"id":3840,"date":"2025-03-25T15:10:24","date_gmt":"2025-03-25T15:10:24","guid":{"rendered":"https:\/\/ouluntoimistokaluste.fi\/?post_type=product&#038;p=3840"},"modified":"2025-12-10T13:34:37","modified_gmt":"2025-12-10T13:34:37","slug":"martela-form-neuvottelu-asiakastuoli","status":"publish","type":"product","link":"https:\/\/ouluntoimistokaluste.fi\/en\/product\/martela-form-neuvottelu-asiakastuoli\/","title":{"rendered":"Martela SoftX neuvottelu\/asiakastuoli"},"content":{"rendered":"","protected":false},"excerpt":{"rendered":"<p>Martelan klassikko tuolimalli pirte\u00e4n v\u00e4risell\u00e4 kankaalla.<\/p>","protected":false},"featured_media":3819,"template":"","meta":[],"product_brand":[],"product_cat":[48,26,47],"product_tag":[],"class_list":{"0":"post-3840","1":"product","2":"type-product","3":"status-publish","4":"has-post-thumbnail","6":"product_cat-kaytetyt-asiakas-baari-ja-neuvottelutuolit","7":"product_cat-kaytetyt-kalusteet","8":"product_cat-kaytetyt-neuvottelukalusteet","9":"product_shipping_class-hintaryhma-3","11":"first","12":"instock","13":"taxable","14":"shipping-taxable","15":"purchasable","16":"product-type-simple"},"_links":{"self":[{"href":"https:\/\/ouluntoimistokaluste.fi\/en\/wp-json\/wp\/v2\/product\/3840","targetHints":{"allow":["GET"]}}],"collection":[{"href":"https:\/\/ouluntoimistokaluste.fi\/en\/wp-json\/wp\/v2\/product"}],"about":[{"href":"https:\/\/ouluntoimistokaluste.fi\/en\/wp-json\/wp\/v2\/types\/product"}],"wp:featuredmedia":[{"embeddable":true,"href":"https:\/\/ouluntoimistokaluste.fi\/en\/wp-json\/wp\/v2\/media\/3819"}],"wp:attachment":[{"href":"https:\/\/ouluntoimistokaluste.fi\/en\/wp-json\/wp\/v2\/media?parent=3840"}],"wp:term":[{"taxonomy":"product_brand","embeddable":true,"href":"https:\/\/ouluntoimistokaluste.fi\/en\/wp-json\/wp\/v2\/product_brand?post=3840"},{"taxonomy":"product_cat","embeddable":true,"href":"https:\/\/ouluntoimistokaluste.fi\/en\/wp-json\/wp\/v2\/product_cat?post=3840"},{"taxonomy":"product_tag","embeddable":true,"href":"https:\/\/ouluntoimistokaluste.fi\/en\/wp-json\/wp\/v2\/product_tag?post=3840"}],"curies":[{"name":"wp","href":"https:\/\/api.w.org\/{rel}","templated":true}]}}