{"id":3775,"date":"2025-02-27T13:09:39","date_gmt":"2025-02-27T13:09:39","guid":{"rendered":"https:\/\/ouluntoimistokaluste.fi\/?post_type=product&#038;p=3775"},"modified":"2025-02-27T13:09:41","modified_gmt":"2025-02-27T13:09:41","slug":"liukuovi-puisiin-seinakkeisiin","status":"publish","type":"product","link":"https:\/\/ouluntoimistokaluste.fi\/en\/product\/liukuovi-puisiin-seinakkeisiin\/","title":{"rendered":"Liukuovi puisiin sein\u00e4kkeisiin"},"content":{"rendered":"","protected":false},"excerpt":{"rendered":"<p>Liukuovielementti puisiin sein\u00e4kkeisiin. Akryylia. Tummennettu. Sis\u00e4lt\u00e4\u00e4 liukukiskon peitelevyill\u00e4.<\/p>","protected":false},"featured_media":3771,"template":"","meta":[],"product_brand":[],"product_cat":[26,39],"product_tag":[],"class_list":{"0":"post-3775","1":"product","2":"type-product","3":"status-publish","4":"has-post-thumbnail","6":"product_cat-kaytetyt-kalusteet","7":"product_cat-kaytetyt-seinakkeet","8":"product_shipping_class-hintaryhma-4","10":"first","11":"instock","12":"taxable","13":"shipping-taxable","14":"purchasable","15":"product-type-simple"},"_links":{"self":[{"href":"https:\/\/ouluntoimistokaluste.fi\/en\/wp-json\/wp\/v2\/product\/3775","targetHints":{"allow":["GET"]}}],"collection":[{"href":"https:\/\/ouluntoimistokaluste.fi\/en\/wp-json\/wp\/v2\/product"}],"about":[{"href":"https:\/\/ouluntoimistokaluste.fi\/en\/wp-json\/wp\/v2\/types\/product"}],"wp:featuredmedia":[{"embeddable":true,"href":"https:\/\/ouluntoimistokaluste.fi\/en\/wp-json\/wp\/v2\/media\/3771"}],"wp:attachment":[{"href":"https:\/\/ouluntoimistokaluste.fi\/en\/wp-json\/wp\/v2\/media?parent=3775"}],"wp:term":[{"taxonomy":"product_brand","embeddable":true,"href":"https:\/\/ouluntoimistokaluste.fi\/en\/wp-json\/wp\/v2\/product_brand?post=3775"},{"taxonomy":"product_cat","embeddable":true,"href":"https:\/\/ouluntoimistokaluste.fi\/en\/wp-json\/wp\/v2\/product_cat?post=3775"},{"taxonomy":"product_tag","embeddable":true,"href":"https:\/\/ouluntoimistokaluste.fi\/en\/wp-json\/wp\/v2\/product_tag?post=3775"}],"curies":[{"name":"wp","href":"https:\/\/api.w.org\/{rel}","templated":true}]}}