{"id":3773,"date":"2025-02-27T13:06:49","date_gmt":"2025-02-27T13:06:49","guid":{"rendered":"https:\/\/ouluntoimistokaluste.fi\/?post_type=product&#038;p=3773"},"modified":"2025-04-25T15:10:46","modified_gmt":"2025-04-25T15:10:46","slug":"korkea-seinake-205-x-80-cm-2","status":"publish","type":"product","link":"https:\/\/ouluntoimistokaluste.fi\/en\/product\/korkea-seinake-205-x-80-cm-2\/","title":{"rendered":"Korkea sein\u00e4ke 205 x 80 cm"},"content":{"rendered":"","protected":false},"excerpt":{"rendered":"<p>Laadukas puinen sein\u00e4ke jolla rakennetaan esim. huoneita avotilaan. Keskiosa akustiikkapaneelia molemmin puolin. Saatavilla my\u00f6s liukuovia.<\/p>","protected":false},"featured_media":3772,"template":"","meta":[],"product_brand":[],"product_cat":[26,39],"product_tag":[],"class_list":{"0":"post-3773","1":"product","2":"type-product","3":"status-publish","4":"has-post-thumbnail","6":"product_cat-kaytetyt-kalusteet","7":"product_cat-kaytetyt-seinakkeet","8":"product_shipping_class-hintaryhma-4","10":"first","11":"instock","12":"taxable","13":"shipping-taxable","14":"purchasable","15":"product-type-simple"},"_links":{"self":[{"href":"https:\/\/ouluntoimistokaluste.fi\/en\/wp-json\/wp\/v2\/product\/3773","targetHints":{"allow":["GET"]}}],"collection":[{"href":"https:\/\/ouluntoimistokaluste.fi\/en\/wp-json\/wp\/v2\/product"}],"about":[{"href":"https:\/\/ouluntoimistokaluste.fi\/en\/wp-json\/wp\/v2\/types\/product"}],"wp:featuredmedia":[{"embeddable":true,"href":"https:\/\/ouluntoimistokaluste.fi\/en\/wp-json\/wp\/v2\/media\/3772"}],"wp:attachment":[{"href":"https:\/\/ouluntoimistokaluste.fi\/en\/wp-json\/wp\/v2\/media?parent=3773"}],"wp:term":[{"taxonomy":"product_brand","embeddable":true,"href":"https:\/\/ouluntoimistokaluste.fi\/en\/wp-json\/wp\/v2\/product_brand?post=3773"},{"taxonomy":"product_cat","embeddable":true,"href":"https:\/\/ouluntoimistokaluste.fi\/en\/wp-json\/wp\/v2\/product_cat?post=3773"},{"taxonomy":"product_tag","embeddable":true,"href":"https:\/\/ouluntoimistokaluste.fi\/en\/wp-json\/wp\/v2\/product_tag?post=3773"}],"curies":[{"name":"wp","href":"https:\/\/api.w.org\/{rel}","templated":true}]}}