{"id":3261,"date":"2024-09-25T11:36:01","date_gmt":"2024-09-25T11:36:01","guid":{"rendered":"https:\/\/ouluntoimistokaluste.fi\/?post_type=product&#038;p=3261"},"modified":"2024-09-25T11:40:42","modified_gmt":"2024-09-25T11:40:42","slug":"module-team-hiljainen-tila","status":"publish","type":"product","link":"https:\/\/ouluntoimistokaluste.fi\/en\/product\/module-team-hiljainen-tila\/","title":{"rendered":"Module Team-hiljainen tila"},"content":{"rendered":"<p>ILMANVAIHTO S\u00e4\u00e4dett\u00e4v\u00e4, max. 80 l\/s<\/p>\n<p>VALAISTUS S\u00e4\u00e4dett\u00e4v\u00e4 LED-valaistus 300 lx, v\u00e4ril\u00e4mp\u00f6tila 4200 K<\/p>\n<p>VARUSTEET \u2022 4 x Pistorasia<br \/>\n\u2022 4 x USB-A-virtaportti<\/p>\n<p>S\u00c4HK\u00d6 \u2022 S\u00e4hk\u00f6liit\u00e4nt\u00e4 230 v 50 Hz 10A (normaali valovirta)<br \/>\n\u2022 Liit\u00e4nt\u00e4johto pistotulpalla, johdon pituus 5 m (CEE7\/7 GST18)<\/p>\n<p>SIIRRETT\u00c4VYYS \u2022 Siirrett\u00e4viss\u00e4 koottuna<br \/>\n\u2022 Voidaan my\u00f6s purkaa ja koota uudelleen<\/p>\n<p>LIS\u00c4VARUSTEET \u2022 Lis\u00e4valo &#8211; S\u00e4\u00e4dett\u00e4v\u00e4 LED-alasvalo 12v\/25W 500 lx,<br \/>\nv\u00e4ril\u00e4mp\u00f6tila 4200 K<br \/>\n\u2022 LAN-pistoke RJ45 (korvaa USB-A-virtaportit)<\/p>\n<p>PILARIT JA PALKIT \u2022 Valkoinen ja musta &#8211; MDF &#8211; Pinta: Korkeapainelaminaatti<br \/>\n\u2022 Tammiviilu &#8211; Euro-tammi &#8211; Pinta: Vesiohenteinen mattalakkaus<\/p>\n<p>SEIN\u00c4LEVYT, ULKOPINNAT \u2022 MDF<br \/>\n\u2022 Pinta: Lakattu<\/p>\n<p>LASIT 6+6 mm Sound Control, PVB-laminoitu turvalasi<\/p>\n<p>OVI \u2022 Puuovi<br \/>\n\u2022 ABLOY ACTIVE -ovenkahvat, joiden antimikrobinen pinnoite<br \/>\ntuhoaa jopa 99,99 % haitallisista mikrobeista<\/p>\n<p>SIS\u00c4SEIN\u00c4T JA -KATTO \u2022 Akustolevy &#8211; Absorptioluokka A &#8211; Levy 100 % PET (50 % kierr\u00e4tetty PET) &#8211; OEKOTEX Standard 100 &#8211; Kangas 100 % villaa<\/p>\n<p>MATTO \u2022 100 % polyamidia<br \/>\n\u2022 Antistaattinen, p\u00f6ly\u00e4m\u00e4t\u00f6n ja allergiayst\u00e4v\u00e4llinen<\/p>\n<p>ULKOMITAT \u2022 Leveys 2410 mm<br \/>\n\u2022 Korkeus 2160 mm (2230 mm korotetulla lattialla)<br \/>\n\u2022 Syvyys 2550 mm<\/p>\n<p>SIS\u00c4MITAT \u2022 Leveys &#8211; Team #1 2150 mm &#8211; Team #2 ja Team #3 2250 mm<br \/>\n\u2022 Korkeus 1995 mm<br \/>\n\u2022 Syvyys 2486 mm<\/p>\n<p>OVI 9x21M, k\u00e4tisyys valittavissa<\/p>\n<p>PAINO 890 kg<\/p>\n<p>TOIMITUS Toimitetaan elementtein\u00e4. Tilattavissa asennettuna.<\/p>\n<p>TAKUU 2 vuotta<\/p>\n<p>Hinta ei sis\u00e4ll\u00e4 toimitusta eik\u00e4 asennusta, pyyd\u00e4 tarjous.<\/p>","protected":false},"excerpt":{"rendered":"<p>Kotimainen, huippulaadukas hiljainen neuvottelutila.<\/p>\n<p>Toimitusaika 6 viikkoa tilauksesta<\/p>\n<p><a href=\"https:\/\/modulesolutions.fi\/wp-content\/uploads\/2022\/06\/Muotolevy_Module_Esite_A4_FI_0522.pdf\">Muotolevy_Module_Esite_A4_FI_0522.pdf (modulesolutions.fi)<\/a><\/p>","protected":false},"featured_media":3262,"template":"","meta":[],"product_brand":[],"product_cat":[163,27],"product_tag":[],"class_list":{"0":"post-3261","1":"product","2":"type-product","3":"status-publish","4":"has-post-thumbnail","6":"product_cat-hiljaiset-tilat","7":"product_cat-uudet-kalusteet","8":"product_shipping_class-nouto","10":"first","11":"onbackorder","12":"taxable","13":"shipping-taxable","14":"purchasable","15":"product-type-variable"},"_links":{"self":[{"href":"https:\/\/ouluntoimistokaluste.fi\/en\/wp-json\/wp\/v2\/product\/3261","targetHints":{"allow":["GET"]}}],"collection":[{"href":"https:\/\/ouluntoimistokaluste.fi\/en\/wp-json\/wp\/v2\/product"}],"about":[{"href":"https:\/\/ouluntoimistokaluste.fi\/en\/wp-json\/wp\/v2\/types\/product"}],"wp:featuredmedia":[{"embeddable":true,"href":"https:\/\/ouluntoimistokaluste.fi\/en\/wp-json\/wp\/v2\/media\/3262"}],"wp:attachment":[{"href":"https:\/\/ouluntoimistokaluste.fi\/en\/wp-json\/wp\/v2\/media?parent=3261"}],"wp:term":[{"taxonomy":"product_brand","embeddable":true,"href":"https:\/\/ouluntoimistokaluste.fi\/en\/wp-json\/wp\/v2\/product_brand?post=3261"},{"taxonomy":"product_cat","embeddable":true,"href":"https:\/\/ouluntoimistokaluste.fi\/en\/wp-json\/wp\/v2\/product_cat?post=3261"},{"taxonomy":"product_tag","embeddable":true,"href":"https:\/\/ouluntoimistokaluste.fi\/en\/wp-json\/wp\/v2\/product_tag?post=3261"}],"curies":[{"name":"wp","href":"https:\/\/api.w.org\/{rel}","templated":true}]}}