{"id":3035,"date":"2024-09-18T12:25:12","date_gmt":"2024-09-18T12:25:12","guid":{"rendered":"https:\/\/ouluntoimistokaluste.fi\/?post_type=product&#038;p=3035"},"modified":"2025-03-14T11:57:46","modified_gmt":"2025-03-14T11:57:46","slug":"free-707-tyotuoli","status":"publish","type":"product","link":"https:\/\/ouluntoimistokaluste.fi\/en\/product\/free-707-tyotuoli\/","title":{"rendered":"Free 707-ty\u00f6tuoli"},"content":{"rendered":"<ul>\n<li>Istuimen korkeuden &#8211; ja syvyydens\u00e4\u00e4t\u00f6<\/li>\n<li>Selk\u00e4nojan kaltevuuden- ja korkeudens\u00e4\u00e4t\u00f6<\/li>\n<li>Syvyyss\u00e4\u00e4dett\u00e4v\u00e4 ristisel\u00e4ntuki<\/li>\n<li>Synkron keinumekanismi<\/li>\n<li>Korkeus- ja syvyyss\u00e4\u00e4dett\u00e4v\u00e4t k\u00e4sinojat\n<ul>\n<li>Syvyyssuunnassa kaksi eri asetusta, ruuvikiinnitys<\/li>\n<\/ul>\n<\/li>\n<li>Ristikko harjattu alumiini<\/li>\n<li>Niskatuki<\/li>\n<li>Selk\u00e4nojan mitat: (L)465 x (K)455-529 mm<\/li>\n<li>Selk\u00e4nojan korkeuss\u00e4\u00e4t\u00f6v\u00e4li: 74 mm<\/li>\n<li>Istuinosan mitat: (L)475 x (S)450-510 mm<\/li>\n<li>Syvyyss\u00e4\u00e4t\u00f6: 60 mm<\/li>\n<li>Istuimen korkeuss\u00e4\u00e4t\u00f6v\u00e4li: 455-585 mm<\/li>\n<li>Kankaan kest\u00e4vyys 100 000 martindale<\/li>\n<li>Maksimikuormitus: 125 kg<\/li>\n<li>Takuu 5 vuotta<\/li>\n<li>Suositeltu k\u00e4ytt\u00e4j\u00e4n pituus: 151-192 cm<\/li>\n<\/ul>","protected":false},"excerpt":{"rendered":"<p>FREE 707-ty\u00f6tuoli on tyylik\u00e4s ja ajaton ty\u00f6tuoli, joka sopii jokaiseen toimistoon. Tuolin monipuoliset s\u00e4\u00e4t\u00f6mahdollisuudet takaavat jokaiselle k\u00e4ytt\u00e4j\u00e4lle sopivan istuma-mukavuuden.<\/p>\n<p>Tuolin niskatuki tuo istumiseen ylim\u00e4\u00e4r\u00e4ist\u00e4 luksusta. Korkealuokkaiset materiaalivalinnat takaavat tuolille pitk\u00e4n k\u00e4ytt\u00f6i\u00e4n ja istujalle ergonomisen ty\u00f6skentelyasennon.<\/p>\n<p>Istuimessa tyylik\u00e4s musta Oasis 9000-kangas.<\/p>","protected":false},"featured_media":3040,"template":"","meta":[],"product_brand":[],"product_cat":[25,27],"product_tag":[],"class_list":{"0":"post-3035","1":"product","2":"type-product","3":"status-publish","4":"has-post-thumbnail","6":"product_cat-tyotuolit","7":"product_cat-uudet-kalusteet","8":"product_shipping_class-hintaryhma-2","10":"first","11":"onbackorder","12":"taxable","13":"shipping-taxable","14":"purchasable","15":"product-type-simple"},"_links":{"self":[{"href":"https:\/\/ouluntoimistokaluste.fi\/en\/wp-json\/wp\/v2\/product\/3035","targetHints":{"allow":["GET"]}}],"collection":[{"href":"https:\/\/ouluntoimistokaluste.fi\/en\/wp-json\/wp\/v2\/product"}],"about":[{"href":"https:\/\/ouluntoimistokaluste.fi\/en\/wp-json\/wp\/v2\/types\/product"}],"wp:featuredmedia":[{"embeddable":true,"href":"https:\/\/ouluntoimistokaluste.fi\/en\/wp-json\/wp\/v2\/media\/3040"}],"wp:attachment":[{"href":"https:\/\/ouluntoimistokaluste.fi\/en\/wp-json\/wp\/v2\/media?parent=3035"}],"wp:term":[{"taxonomy":"product_brand","embeddable":true,"href":"https:\/\/ouluntoimistokaluste.fi\/en\/wp-json\/wp\/v2\/product_brand?post=3035"},{"taxonomy":"product_cat","embeddable":true,"href":"https:\/\/ouluntoimistokaluste.fi\/en\/wp-json\/wp\/v2\/product_cat?post=3035"},{"taxonomy":"product_tag","embeddable":true,"href":"https:\/\/ouluntoimistokaluste.fi\/en\/wp-json\/wp\/v2\/product_tag?post=3035"}],"curies":[{"name":"wp","href":"https:\/\/api.w.org\/{rel}","templated":true}]}}