{"id":3026,"date":"2024-09-09T12:23:27","date_gmt":"2024-09-09T12:23:27","guid":{"rendered":"https:\/\/ouluntoimistokaluste.fi\/?post_type=product&#038;p=3026"},"modified":"2025-03-14T11:57:55","modified_gmt":"2025-03-14T11:57:55","slug":"royal-tyotuoli","status":"publish","type":"product","link":"https:\/\/ouluntoimistokaluste.fi\/en\/product\/royal-tyotuoli\/","title":{"rendered":"Royal-ty\u00f6tuoli"},"content":{"rendered":"<p><strong>MATERIAALIT<\/strong><br \/>\nKromiristikko. Pehmustetut k\u00e4sinojat.<\/p>\n<p><strong>VERHOILUVAIHTOEHDOT<\/strong><br \/>\nMusta nahka,\u00a0tausta keinonahkaa.<\/p>\n<p><strong>S\u00c4\u00c4T\u00d6MAHDOLLISUUDET<\/strong><br \/>\nKeinumekanismin voi lukita kolmeen eri asentoon, kallistus 1-14\u00b0.\u00a0Korkeudens\u00e4\u00e4t\u00f6 kaasujousella.<\/p>\n<p><strong>MITAT<\/strong><br \/>\nistuinleveys 54 cm<br \/>\nistuinsyvyys 52 cm<br \/>\nkokonaisleveys 65 cm<br \/>\nistumakorkeus 54\u201360 cm<br \/>\nselk\u00e4nojakorkeus 68 cm<\/p>","protected":false},"excerpt":{"rendered":"<p>Edustavan n\u00e4k\u00f6inen johtajantuoli pehme\u00e4ll\u00e4 nahalla.<\/p>\n<p>Takuu 2 vuotta<\/p>","protected":false},"featured_media":3027,"template":"","meta":[],"product_brand":[],"product_cat":[25,27],"product_tag":[],"class_list":{"0":"post-3026","1":"product","2":"type-product","3":"status-publish","4":"has-post-thumbnail","6":"product_cat-tyotuolit","7":"product_cat-uudet-kalusteet","8":"product_shipping_class-hintaryhma-3","10":"first","11":"onbackorder","12":"taxable","13":"shipping-taxable","14":"purchasable","15":"product-type-simple"},"_links":{"self":[{"href":"https:\/\/ouluntoimistokaluste.fi\/en\/wp-json\/wp\/v2\/product\/3026","targetHints":{"allow":["GET"]}}],"collection":[{"href":"https:\/\/ouluntoimistokaluste.fi\/en\/wp-json\/wp\/v2\/product"}],"about":[{"href":"https:\/\/ouluntoimistokaluste.fi\/en\/wp-json\/wp\/v2\/types\/product"}],"wp:featuredmedia":[{"embeddable":true,"href":"https:\/\/ouluntoimistokaluste.fi\/en\/wp-json\/wp\/v2\/media\/3027"}],"wp:attachment":[{"href":"https:\/\/ouluntoimistokaluste.fi\/en\/wp-json\/wp\/v2\/media?parent=3026"}],"wp:term":[{"taxonomy":"product_brand","embeddable":true,"href":"https:\/\/ouluntoimistokaluste.fi\/en\/wp-json\/wp\/v2\/product_brand?post=3026"},{"taxonomy":"product_cat","embeddable":true,"href":"https:\/\/ouluntoimistokaluste.fi\/en\/wp-json\/wp\/v2\/product_cat?post=3026"},{"taxonomy":"product_tag","embeddable":true,"href":"https:\/\/ouluntoimistokaluste.fi\/en\/wp-json\/wp\/v2\/product_tag?post=3026"}],"curies":[{"name":"wp","href":"https:\/\/api.w.org\/{rel}","templated":true}]}}